{"id":849,"date":"2021-07-06T13:50:44","date_gmt":"2021-07-06T11:50:44","guid":{"rendered":"http:\/\/valloireloisirs.fr\/?page_id=849"},"modified":"2023-09-13T23:08:16","modified_gmt":"2023-09-13T21:08:16","slug":"salon-des-jeunes","status":"publish","type":"page","link":"https:\/\/valloireloisirs.fr\/index.php\/salon-des-jeunes\/","title":{"rendered":"Salon des jeunes"},"content":{"rendered":"\t\t<div data-elementor-type=\"wp-page\" data-elementor-id=\"849\" class=\"elementor elementor-849\">\n\t\t\t\t\t\t\t\t\t<section class=\"elementor-section elementor-top-section elementor-element elementor-element-11cc66a elementor-section-boxed elementor-section-height-default elementor-section-height-default\" data-id=\"11cc66a\" data-element_type=\"section\">\n\t\t\t\t\t\t<div class=\"elementor-container elementor-column-gap-default\">\n\t\t\t\t\t<div class=\"elementor-column elementor-col-100 elementor-top-column elementor-element elementor-element-ed428c1\" data-id=\"ed428c1\" data-element_type=\"column\">\n\t\t\t<div class=\"elementor-widget-wrap elementor-element-populated\">\n\t\t\t\t\t\t\t\t<div class=\"elementor-element elementor-element-ab1c18a elementor-widget elementor-widget-text-editor\" data-id=\"ab1c18a\" data-element_type=\"widget\" data-widget_type=\"text-editor.default\">\n\t\t\t\t<div class=\"elementor-widget-container\">\n\t\t\t\t\t\t\t<p><em>Autour d&rsquo;un th\u00e8me f\u00e9d\u00e9rateur, des enfants cr\u00e9ent avec un artiste professionnel qui expose \u00e0 leurs c\u00f4t\u00e9s (interventions de l&rsquo;artiste dans les \u00e9coles).<\/em><\/p>\t\t\t\t\t\t<\/div>\n\t\t\t\t<\/div>\n\t\t\t\t\t<\/div>\n\t\t<\/div>\n\t\t\t\t\t\t\t<\/div>\n\t\t<\/section>\n\t\t\t\t<section class=\"elementor-section elementor-top-section elementor-element elementor-element-f4e2076 elementor-section-boxed elementor-section-height-default elementor-section-height-default\" data-id=\"f4e2076\" data-element_type=\"section\">\n\t\t\t\t\t\t<div class=\"elementor-container elementor-column-gap-default\">\n\t\t\t\t\t<div class=\"elementor-column elementor-col-100 elementor-top-column elementor-element elementor-element-7a160e4\" data-id=\"7a160e4\" data-element_type=\"column\">\n\t\t\t<div class=\"elementor-widget-wrap elementor-element-populated\">\n\t\t\t\t\t\t\t\t<div class=\"elementor-element elementor-element-4153d39 elementor-widget elementor-widget-text-editor\" data-id=\"4153d39\" data-element_type=\"widget\" data-widget_type=\"text-editor.default\">\n\t\t\t\t<div class=\"elementor-widget-container\">\n\t\t\t\t\t\t\t<p><strong>Date:\u00a0<\/strong>du 01 au 16 juin 2024.<\/p><p><strong>Accueil du public:\u00a0<\/strong>les samedis et dimanches de 15h \u00e0 18h.<\/p><p>La visite des expos est libre (pas de droits d&rsquo;entr\u00e9e).<\/p>\t\t\t\t\t\t<\/div>\n\t\t\t\t<\/div>\n\t\t\t\t\t<\/div>\n\t\t<\/div>\n\t\t\t\t\t\t\t<\/div>\n\t\t<\/section>\n\t\t\t\t<section class=\"elementor-section elementor-top-section elementor-element elementor-element-7641a0b elementor-section-boxed elementor-section-height-default elementor-section-height-default\" data-id=\"7641a0b\" data-element_type=\"section\">\n\t\t\t\t\t\t<div class=\"elementor-container elementor-column-gap-default\">\n\t\t\t\t\t<div class=\"elementor-column elementor-col-50 elementor-top-column elementor-element elementor-element-7c23b9e\" data-id=\"7c23b9e\" data-element_type=\"column\">\n\t\t\t<div class=\"elementor-widget-wrap elementor-element-populated\">\n\t\t\t\t\t\t\t\t<div class=\"elementor-element elementor-element-e27a738 elementor-widget elementor-widget-image\" data-id=\"e27a738\" data-element_type=\"widget\" data-widget_type=\"image.default\">\n\t\t\t\t<div class=\"elementor-widget-container\">\n\t\t\t\t\t\t\t\t\t\t\t\t\t\t\t<img loading=\"lazy\" decoding=\"async\" width=\"724\" height=\"1024\" src=\"https:\/\/valloireloisirs.fr\/wp-content\/uploads\/2022\/08\/Salon-Jeunes-2022-Affiche-Web-724x1024.jpg\" class=\"attachment-large size-large wp-image-2288\" alt=\"\" srcset=\"https:\/\/valloireloisirs.fr\/wp-content\/uploads\/2022\/08\/Salon-Jeunes-2022-Affiche-Web-724x1024.jpg 724w, https:\/\/valloireloisirs.fr\/wp-content\/uploads\/2022\/08\/Salon-Jeunes-2022-Affiche-Web-212x300.jpg 212w, https:\/\/valloireloisirs.fr\/wp-content\/uploads\/2022\/08\/Salon-Jeunes-2022-Affiche-Web-768x1086.jpg 768w, https:\/\/valloireloisirs.fr\/wp-content\/uploads\/2022\/08\/Salon-Jeunes-2022-Affiche-Web-1086x1536.jpg 1086w, https:\/\/valloireloisirs.fr\/wp-content\/uploads\/2022\/08\/Salon-Jeunes-2022-Affiche-Web-1448x2048.jpg 1448w, https:\/\/valloireloisirs.fr\/wp-content\/uploads\/2022\/08\/Salon-Jeunes-2022-Affiche-Web-scaled.jpg 1810w\" sizes=\"auto, (max-width: 724px) 100vw, 724px\" \/>\t\t\t\t\t\t\t\t\t\t\t\t\t\t\t<\/div>\n\t\t\t\t<\/div>\n\t\t\t\t\t<\/div>\n\t\t<\/div>\n\t\t\t\t<div class=\"elementor-column elementor-col-50 elementor-top-column elementor-element elementor-element-5656556\" data-id=\"5656556\" data-element_type=\"column\">\n\t\t\t<div class=\"elementor-widget-wrap elementor-element-populated\">\n\t\t\t\t\t\t\t\t<div class=\"elementor-element elementor-element-018b13a elementor-widget elementor-widget-image\" data-id=\"018b13a\" data-element_type=\"widget\" data-widget_type=\"image.default\">\n\t\t\t\t<div class=\"elementor-widget-container\">\n\t\t\t\t\t\t\t\t\t\t\t\t\t\t\t<img loading=\"lazy\" decoding=\"async\" width=\"746\" height=\"1024\" src=\"https:\/\/valloireloisirs.fr\/wp-content\/uploads\/2023\/09\/34eme-Salon-des-Jeunes-1-1-746x1024.jpg\" class=\"attachment-large size-large wp-image-2920\" alt=\"\" srcset=\"https:\/\/valloireloisirs.fr\/wp-content\/uploads\/2023\/09\/34eme-Salon-des-Jeunes-1-1-746x1024.jpg 746w, https:\/\/valloireloisirs.fr\/wp-content\/uploads\/2023\/09\/34eme-Salon-des-Jeunes-1-1-218x300.jpg 218w, https:\/\/valloireloisirs.fr\/wp-content\/uploads\/2023\/09\/34eme-Salon-des-Jeunes-1-1-768x1054.jpg 768w, https:\/\/valloireloisirs.fr\/wp-content\/uploads\/2023\/09\/34eme-Salon-des-Jeunes-1-1-1119x1536.jpg 1119w, https:\/\/valloireloisirs.fr\/wp-content\/uploads\/2023\/09\/34eme-Salon-des-Jeunes-1-1-1492x2048.jpg 1492w, https:\/\/valloireloisirs.fr\/wp-content\/uploads\/2023\/09\/34eme-Salon-des-Jeunes-1-1-scaled.jpg 1864w\" sizes=\"auto, (max-width: 746px) 100vw, 746px\" \/>\t\t\t\t\t\t\t\t\t\t\t\t\t\t\t<\/div>\n\t\t\t\t<\/div>\n\t\t\t\t\t<\/div>\n\t\t<\/div>\n\t\t\t\t\t\t\t<\/div>\n\t\t<\/section>\n\t\t\t\t\t\t\t<\/div>\n\t\t","protected":false},"excerpt":{"rendered":"<p>Autour d&rsquo;un th\u00e8me f\u00e9d\u00e9rateur, des enfants cr\u00e9ent avec un artiste professionnel qui expose \u00e0 leurs c\u00f4t\u00e9s (interventions de l&rsquo;artiste dans les \u00e9coles). Date:\u00a0du 01 au 16 juin 2024. Accueil du&hellip;<\/p>\n","protected":false},"author":1,"featured_media":0,"parent":0,"menu_order":0,"comment_status":"closed","ping_status":"closed","template":"","meta":{"_EventAllDay":false,"_EventTimezone":"","_EventStartDate":"","_EventEndDate":"","_EventStartDateUTC":"","_EventEndDateUTC":"","_EventShowMap":false,"_EventShowMapLink":false,"_EventURL":"","_EventCost":"","_EventCostDescription":"","_EventCurrencySymbol":"","_EventCurrencyCode":"","_EventCurrencyPosition":"","_EventDateTimeSeparator":"","_EventTimeRangeSeparator":"","_EventOrganizerID":[],"_EventVenueID":0,"_OrganizerEmail":"","_OrganizerPhone":"","_OrganizerWebsite":"","_VenueAddress":"","_VenueCity":"","_VenueCountry":"","_VenueProvince":"","_VenueZip":"","_VenuePhone":"","_VenueURL":"","_VenueStateProvince":"","_VenueLat":"","_VenueLng":"","footnotes":""},"class_list":["post-849","page","type-page","status-publish","hentry"],"yoast_head":"<!-- This site is optimized with the Yoast SEO plugin v20.1 - https:\/\/yoast.com\/wordpress\/plugins\/seo\/ -->\n<title>Salon des jeunes -<\/title>\n<meta name=\"robots\" content=\"index, follow, max-snippet:-1, max-image-preview:large, max-video-preview:-1\" \/>\n<link rel=\"canonical\" href=\"http:\/\/valloireloisirs.fr\/index.php\/salon-des-jeunes\/\" \/>\n<meta property=\"og:locale\" content=\"fr_FR\" \/>\n<meta property=\"og:type\" content=\"article\" \/>\n<meta property=\"og:title\" content=\"Salon des jeunes -\" \/>\n<meta property=\"og:description\" content=\"Autour d&rsquo;un th\u00e8me f\u00e9d\u00e9rateur, des enfants cr\u00e9ent avec un artiste professionnel qui expose \u00e0 leurs c\u00f4t\u00e9s (interventions de l&rsquo;artiste dans les \u00e9coles). Date:\u00a0du 01 au 16 juin 2024. Accueil du&hellip;\" \/>\n<meta property=\"og:url\" content=\"http:\/\/valloireloisirs.fr\/index.php\/salon-des-jeunes\/\" \/>\n<meta property=\"article:publisher\" content=\"https:\/\/www.facebook.com\/valloire.loisirs\" \/>\n<meta property=\"article:modified_time\" content=\"2023-09-13T21:08:16+00:00\" \/>\n<meta property=\"og:image\" content=\"http:\/\/valloireloisirs.fr\/wp-content\/uploads\/2022\/08\/Salon-Jeunes-2022-Affiche-Web-724x1024.jpg\" \/>\n<meta name=\"twitter:card\" content=\"summary_large_image\" \/>\n<meta name=\"twitter:label1\" content=\"Dur\u00e9e de lecture estim\u00e9e\" \/>\n\t<meta name=\"twitter:data1\" content=\"1 minute\" \/>\n<script type=\"application\/ld+json\" class=\"yoast-schema-graph\">{\"@context\":\"https:\/\/schema.org\",\"@graph\":[{\"@type\":\"WebPage\",\"@id\":\"http:\/\/valloireloisirs.fr\/index.php\/salon-des-jeunes\/\",\"url\":\"http:\/\/valloireloisirs.fr\/index.php\/salon-des-jeunes\/\",\"name\":\"Salon des jeunes -\",\"isPartOf\":{\"@id\":\"http:\/\/valloireloisirs.fr\/#website\"},\"datePublished\":\"2021-07-06T11:50:44+00:00\",\"dateModified\":\"2023-09-13T21:08:16+00:00\",\"breadcrumb\":{\"@id\":\"http:\/\/valloireloisirs.fr\/index.php\/salon-des-jeunes\/#breadcrumb\"},\"inLanguage\":\"fr-FR\",\"potentialAction\":[{\"@type\":\"ReadAction\",\"target\":[\"http:\/\/valloireloisirs.fr\/index.php\/salon-des-jeunes\/\"]}]},{\"@type\":\"BreadcrumbList\",\"@id\":\"http:\/\/valloireloisirs.fr\/index.php\/salon-des-jeunes\/#breadcrumb\",\"itemListElement\":[{\"@type\":\"ListItem\",\"position\":1,\"name\":\"Accueil\",\"item\":\"https:\/\/valloireloisirs.fr\/\"},{\"@type\":\"ListItem\",\"position\":2,\"name\":\"Salon des jeunes\"}]},{\"@type\":\"WebSite\",\"@id\":\"http:\/\/valloireloisirs.fr\/#website\",\"url\":\"http:\/\/valloireloisirs.fr\/\",\"name\":\"Valloire Loisirs\",\"description\":\"\",\"publisher\":{\"@id\":\"http:\/\/valloireloisirs.fr\/#organization\"},\"potentialAction\":[{\"@type\":\"SearchAction\",\"target\":{\"@type\":\"EntryPoint\",\"urlTemplate\":\"http:\/\/valloireloisirs.fr\/?s={search_term_string}\"},\"query-input\":\"required name=search_term_string\"}],\"inLanguage\":\"fr-FR\"},{\"@type\":\"Organization\",\"@id\":\"http:\/\/valloireloisirs.fr\/#organization\",\"name\":\"Valloire Loisirs\",\"url\":\"http:\/\/valloireloisirs.fr\/\",\"logo\":{\"@type\":\"ImageObject\",\"inLanguage\":\"fr-FR\",\"@id\":\"http:\/\/valloireloisirs.fr\/#\/schema\/logo\/image\/\",\"url\":\"http:\/\/valloireloisirs.fr\/wp-content\/uploads\/2021\/03\/cropped-logo-VL-1-e1626181648743.jpg\",\"contentUrl\":\"http:\/\/valloireloisirs.fr\/wp-content\/uploads\/2021\/03\/cropped-logo-VL-1-e1626181648743.jpg\",\"width\":150,\"height\":143,\"caption\":\"Valloire Loisirs\"},\"image\":{\"@id\":\"http:\/\/valloireloisirs.fr\/#\/schema\/logo\/image\/\"},\"sameAs\":[\"https:\/\/www.facebook.com\/valloire.loisirs\"]}]}<\/script>\n<!-- \/ Yoast SEO plugin. -->","yoast_head_json":{"title":"Salon des jeunes -","robots":{"index":"index","follow":"follow","max-snippet":"max-snippet:-1","max-image-preview":"max-image-preview:large","max-video-preview":"max-video-preview:-1"},"canonical":"http:\/\/valloireloisirs.fr\/index.php\/salon-des-jeunes\/","og_locale":"fr_FR","og_type":"article","og_title":"Salon des jeunes -","og_description":"Autour d&rsquo;un th\u00e8me f\u00e9d\u00e9rateur, des enfants cr\u00e9ent avec un artiste professionnel qui expose \u00e0 leurs c\u00f4t\u00e9s (interventions de l&rsquo;artiste dans les \u00e9coles). Date:\u00a0du 01 au 16 juin 2024. Accueil du&hellip;","og_url":"http:\/\/valloireloisirs.fr\/index.php\/salon-des-jeunes\/","article_publisher":"https:\/\/www.facebook.com\/valloire.loisirs","article_modified_time":"2023-09-13T21:08:16+00:00","og_image":[{"url":"http:\/\/valloireloisirs.fr\/wp-content\/uploads\/2022\/08\/Salon-Jeunes-2022-Affiche-Web-724x1024.jpg"}],"twitter_card":"summary_large_image","twitter_misc":{"Dur\u00e9e de lecture estim\u00e9e":"1 minute"},"schema":{"@context":"https:\/\/schema.org","@graph":[{"@type":"WebPage","@id":"http:\/\/valloireloisirs.fr\/index.php\/salon-des-jeunes\/","url":"http:\/\/valloireloisirs.fr\/index.php\/salon-des-jeunes\/","name":"Salon des jeunes -","isPartOf":{"@id":"http:\/\/valloireloisirs.fr\/#website"},"datePublished":"2021-07-06T11:50:44+00:00","dateModified":"2023-09-13T21:08:16+00:00","breadcrumb":{"@id":"http:\/\/valloireloisirs.fr\/index.php\/salon-des-jeunes\/#breadcrumb"},"inLanguage":"fr-FR","potentialAction":[{"@type":"ReadAction","target":["http:\/\/valloireloisirs.fr\/index.php\/salon-des-jeunes\/"]}]},{"@type":"BreadcrumbList","@id":"http:\/\/valloireloisirs.fr\/index.php\/salon-des-jeunes\/#breadcrumb","itemListElement":[{"@type":"ListItem","position":1,"name":"Accueil","item":"https:\/\/valloireloisirs.fr\/"},{"@type":"ListItem","position":2,"name":"Salon des jeunes"}]},{"@type":"WebSite","@id":"http:\/\/valloireloisirs.fr\/#website","url":"http:\/\/valloireloisirs.fr\/","name":"Valloire Loisirs","description":"","publisher":{"@id":"http:\/\/valloireloisirs.fr\/#organization"},"potentialAction":[{"@type":"SearchAction","target":{"@type":"EntryPoint","urlTemplate":"http:\/\/valloireloisirs.fr\/?s={search_term_string}"},"query-input":"required name=search_term_string"}],"inLanguage":"fr-FR"},{"@type":"Organization","@id":"http:\/\/valloireloisirs.fr\/#organization","name":"Valloire Loisirs","url":"http:\/\/valloireloisirs.fr\/","logo":{"@type":"ImageObject","inLanguage":"fr-FR","@id":"http:\/\/valloireloisirs.fr\/#\/schema\/logo\/image\/","url":"http:\/\/valloireloisirs.fr\/wp-content\/uploads\/2021\/03\/cropped-logo-VL-1-e1626181648743.jpg","contentUrl":"http:\/\/valloireloisirs.fr\/wp-content\/uploads\/2021\/03\/cropped-logo-VL-1-e1626181648743.jpg","width":150,"height":143,"caption":"Valloire Loisirs"},"image":{"@id":"http:\/\/valloireloisirs.fr\/#\/schema\/logo\/image\/"},"sameAs":["https:\/\/www.facebook.com\/valloire.loisirs"]}]}},"_links":{"self":[{"href":"https:\/\/valloireloisirs.fr\/index.php\/wp-json\/wp\/v2\/pages\/849","targetHints":{"allow":["GET"]}}],"collection":[{"href":"https:\/\/valloireloisirs.fr\/index.php\/wp-json\/wp\/v2\/pages"}],"about":[{"href":"https:\/\/valloireloisirs.fr\/index.php\/wp-json\/wp\/v2\/types\/page"}],"author":[{"embeddable":true,"href":"https:\/\/valloireloisirs.fr\/index.php\/wp-json\/wp\/v2\/users\/1"}],"replies":[{"embeddable":true,"href":"https:\/\/valloireloisirs.fr\/index.php\/wp-json\/wp\/v2\/comments?post=849"}],"version-history":[{"count":31,"href":"https:\/\/valloireloisirs.fr\/index.php\/wp-json\/wp\/v2\/pages\/849\/revisions"}],"predecessor-version":[{"id":2923,"href":"https:\/\/valloireloisirs.fr\/index.php\/wp-json\/wp\/v2\/pages\/849\/revisions\/2923"}],"wp:attachment":[{"href":"https:\/\/valloireloisirs.fr\/index.php\/wp-json\/wp\/v2\/media?parent=849"}],"curies":[{"name":"wp","href":"https:\/\/api.w.org\/{rel}","templated":true}]}}