{"id":846,"date":"2021-07-06T13:50:28","date_gmt":"2021-07-06T11:50:28","guid":{"rendered":"http:\/\/valloireloisirs.fr\/?page_id=846"},"modified":"2024-10-28T17:04:39","modified_gmt":"2024-10-28T16:04:39","slug":"spectacle-parentalite-2","status":"publish","type":"page","link":"https:\/\/valloireloisirs.fr\/index.php\/spectacle-parentalite-2\/","title":{"rendered":"Spectacle parentalit\u00e9"},"content":{"rendered":"\t\t<div data-elementor-type=\"wp-page\" data-elementor-id=\"846\" class=\"elementor elementor-846\">\n\t\t\t\t\t\t\t\t\t<section class=\"elementor-section elementor-top-section elementor-element elementor-element-3f2df6d elementor-section-boxed elementor-section-height-default elementor-section-height-default\" data-id=\"3f2df6d\" data-element_type=\"section\">\n\t\t\t\t\t\t<div class=\"elementor-container elementor-column-gap-default\">\n\t\t\t\t\t<div class=\"elementor-column elementor-col-50 elementor-top-column elementor-element elementor-element-2e38992\" data-id=\"2e38992\" data-element_type=\"column\">\n\t\t\t<div class=\"elementor-widget-wrap elementor-element-populated\">\n\t\t\t\t\t\t\t\t<div class=\"elementor-element elementor-element-e2d9054 elementor-widget elementor-widget-heading\" data-id=\"e2d9054\" data-element_type=\"widget\" data-widget_type=\"heading.default\">\n\t\t\t\t<div class=\"elementor-widget-container\">\n\t\t\t<h2 class=\"elementor-heading-title elementor-size-large\">\"UN JOUR EN FAMILLE\"<br>Cie Acaly<br><br>VENDREDI  11 OCTOBRE 2024<br>SAINT-SORLIN-en-VALLOIRE<br>Foyer municipal \u00e0 20h30<br><\/h2>\t\t<\/div>\n\t\t\t\t<\/div>\n\t\t\t\t\t<\/div>\n\t\t<\/div>\n\t\t\t\t<div class=\"elementor-column elementor-col-50 elementor-top-column elementor-element elementor-element-dfdbe27\" data-id=\"dfdbe27\" data-element_type=\"column\">\n\t\t\t<div class=\"elementor-widget-wrap elementor-element-populated\">\n\t\t\t\t\t\t\t\t<div class=\"elementor-element elementor-element-f114451 elementor-widget elementor-widget-image\" data-id=\"f114451\" data-element_type=\"widget\" data-widget_type=\"image.default\">\n\t\t\t\t<div class=\"elementor-widget-container\">\n\t\t\t\t\t\t\t\t\t\t\t\t\t\t\t<img loading=\"lazy\" decoding=\"async\" width=\"219\" height=\"300\" src=\"https:\/\/valloireloisirs.fr\/wp-content\/uploads\/2024\/10\/Un-Jour-en-Famille-Thematiques-1-219x300.jpg\" class=\"attachment-medium size-medium wp-image-3813\" alt=\"\" srcset=\"https:\/\/valloireloisirs.fr\/wp-content\/uploads\/2024\/10\/Un-Jour-en-Famille-Thematiques-1-219x300.jpg 219w, https:\/\/valloireloisirs.fr\/wp-content\/uploads\/2024\/10\/Un-Jour-en-Famille-Thematiques-1-746x1024.jpg 746w, https:\/\/valloireloisirs.fr\/wp-content\/uploads\/2024\/10\/Un-Jour-en-Famille-Thematiques-1-768x1054.jpg 768w, https:\/\/valloireloisirs.fr\/wp-content\/uploads\/2024\/10\/Un-Jour-en-Famille-Thematiques-1-1119x1536.jpg 1119w, https:\/\/valloireloisirs.fr\/wp-content\/uploads\/2024\/10\/Un-Jour-en-Famille-Thematiques-1-scaled.jpg 1865w\" sizes=\"auto, (max-width: 219px) 100vw, 219px\" \/>\t\t\t\t\t\t\t\t\t\t\t\t\t\t\t<\/div>\n\t\t\t\t<\/div>\n\t\t\t\t\t<\/div>\n\t\t<\/div>\n\t\t\t\t\t\t\t<\/div>\n\t\t<\/section>\n\t\t\t\t<section class=\"elementor-section elementor-top-section elementor-element elementor-element-6e47598 elementor-section-boxed elementor-section-height-default elementor-section-height-default\" data-id=\"6e47598\" data-element_type=\"section\">\n\t\t\t\t\t\t<div class=\"elementor-container elementor-column-gap-default\">\n\t\t\t\t\t<div class=\"elementor-column elementor-col-100 elementor-top-column elementor-element elementor-element-e00de72\" data-id=\"e00de72\" data-element_type=\"column\">\n\t\t\t<div class=\"elementor-widget-wrap elementor-element-populated\">\n\t\t\t\t\t\t\t\t<div class=\"elementor-element elementor-element-06a487e elementor-widget elementor-widget-text-editor\" data-id=\"06a487e\" data-element_type=\"widget\" data-widget_type=\"text-editor.default\">\n\t\t\t\t<div class=\"elementor-widget-container\">\n\t\t\t\t\t\t\t<p>Spectacle interactif et participatif adapt\u00e9 \u00e0 tous.<\/p><p>le public choisit lui-m\u00eame les sayn\u00e8tes selon ses envies.<\/p><p>Parmi ces th\u00e8mes : \u00ab\u00a0Pr\u00e9viens-moi quand tu sors &#8211; Pourquoi il\/elle a le droit et pas moi ? &#8211; Range ta chambre &#8211; J&rsquo;ai droit \u00e0 mon intimit\u00e9 &#8211; Smartphone et jeux vid\u00e9o, comment faire ?\u00a0\u00bb<\/p><p>Avec : C\u00e9cile MIGOUT et Constance PARIZOT, France DUFOUR, Annie GEORGELIN et Pierre FLEVET.<\/p><p>Mise en sc\u00e8ne : Fabrice DECARNELLE<\/p><p>Entr\u00e9e libre<\/p>\t\t\t\t\t\t<\/div>\n\t\t\t\t<\/div>\n\t\t\t\t\t<\/div>\n\t\t<\/div>\n\t\t\t\t\t\t\t<\/div>\n\t\t<\/section>\n\t\t\t\t<section class=\"elementor-section elementor-top-section elementor-element elementor-element-b5644e8 elementor-section-boxed elementor-section-height-default elementor-section-height-default\" data-id=\"b5644e8\" data-element_type=\"section\">\n\t\t\t\t\t\t<div class=\"elementor-container elementor-column-gap-default\">\n\t\t\t\t\t<div class=\"elementor-column elementor-col-100 elementor-top-column elementor-element elementor-element-c5fb97c\" data-id=\"c5fb97c\" data-element_type=\"column\">\n\t\t\t<div class=\"elementor-widget-wrap elementor-element-populated\">\n\t\t\t\t\t\t\t\t<div class=\"elementor-element elementor-element-94ffb9c elementor-widget elementor-widget-image\" data-id=\"94ffb9c\" data-element_type=\"widget\" data-widget_type=\"image.default\">\n\t\t\t\t<div class=\"elementor-widget-container\">\n\t\t\t\t\t\t\t\t\t\t\t\t\t\t\t<img loading=\"lazy\" decoding=\"async\" width=\"768\" height=\"1086\" src=\"https:\/\/valloireloisirs.fr\/wp-content\/uploads\/2024\/10\/Concert-Familial-768x1086.jpg\" class=\"attachment-medium_large size-medium_large wp-image-3823\" alt=\"\" srcset=\"https:\/\/valloireloisirs.fr\/wp-content\/uploads\/2024\/10\/Concert-Familial-768x1086.jpg 768w, https:\/\/valloireloisirs.fr\/wp-content\/uploads\/2024\/10\/Concert-Familial-212x300.jpg 212w, https:\/\/valloireloisirs.fr\/wp-content\/uploads\/2024\/10\/Concert-Familial-724x1024.jpg 724w, https:\/\/valloireloisirs.fr\/wp-content\/uploads\/2024\/10\/Concert-Familial-1086x1536.jpg 1086w, https:\/\/valloireloisirs.fr\/wp-content\/uploads\/2024\/10\/Concert-Familial-1448x2048.jpg 1448w, https:\/\/valloireloisirs.fr\/wp-content\/uploads\/2024\/10\/Concert-Familial.jpg 1653w\" sizes=\"auto, (max-width: 768px) 100vw, 768px\" \/>\t\t\t\t\t\t\t\t\t\t\t\t\t\t\t<\/div>\n\t\t\t\t<\/div>\n\t\t\t\t\t<\/div>\n\t\t<\/div>\n\t\t\t\t\t\t\t<\/div>\n\t\t<\/section>\n\t\t\t\t<section class=\"elementor-section elementor-top-section elementor-element elementor-element-1db71b2 elementor-section-boxed elementor-section-height-default elementor-section-height-default\" data-id=\"1db71b2\" data-element_type=\"section\">\n\t\t\t\t\t\t<div class=\"elementor-container elementor-column-gap-default\">\n\t\t\t\t\t<div class=\"elementor-column elementor-col-33 elementor-top-column elementor-element elementor-element-e4b998a\" data-id=\"e4b998a\" data-element_type=\"column\">\n\t\t\t<div class=\"elementor-widget-wrap elementor-element-populated\">\n\t\t\t\t\t\t\t\t<div class=\"elementor-element elementor-element-55fd0b8 elementor-widget elementor-widget-heading\" data-id=\"55fd0b8\" data-element_type=\"widget\" data-widget_type=\"heading.default\">\n\t\t\t\t<div class=\"elementor-widget-container\">\n\t\t\t<h2 class=\"elementor-heading-title elementor-size-medium\">\"LES ASSIETTES DE MAMIE VETTE\" - Cie Chaos Canem<br><br>VENDREDI  11 AVRIL 2025 \u00e0 20h30<br>MORAS-en-VALLOIRE<br>Salle des f\u00eates<\/h2>\t\t<\/div>\n\t\t\t\t<\/div>\n\t\t\t\t\t<\/div>\n\t\t<\/div>\n\t\t\t\t<div class=\"elementor-column elementor-col-33 elementor-top-column elementor-element elementor-element-4331fd1\" data-id=\"4331fd1\" data-element_type=\"column\">\n\t\t\t<div class=\"elementor-widget-wrap elementor-element-populated\">\n\t\t\t\t\t\t\t\t<div class=\"elementor-element elementor-element-0498c26 elementor-widget elementor-widget-text-editor\" data-id=\"0498c26\" data-element_type=\"widget\" data-widget_type=\"text-editor.default\">\n\t\t\t\t<div class=\"elementor-widget-container\">\n\t\t\t\t\t\t\t<p>Mamie VETTE aime cuisiner pour tout le monde, et ce soir tout le monde est invit\u00e9 ! Quand elle cuisine, Mamie VETTE aime parler. Elle raconte sa vie, sa passion pour Edith PIAF, son voisin Paulo, et bien s\u00fbr sa cuisine !<\/p><p>Au plateau les deux com\u00e9diennes nous racontent Mamie VETTE tout en cuisinant ses plats pour les faire go\u00fbter au public et partager ensemble un moment chaleureux, \u00e9mouvant et gourmand.<\/p><p>Tarif : 12\u20ac<\/p>\t\t\t\t\t\t<\/div>\n\t\t\t\t<\/div>\n\t\t\t\t\t<\/div>\n\t\t<\/div>\n\t\t\t\t<div class=\"elementor-column elementor-col-33 elementor-top-column elementor-element elementor-element-730f0fd\" data-id=\"730f0fd\" data-element_type=\"column\">\n\t\t\t<div class=\"elementor-widget-wrap elementor-element-populated\">\n\t\t\t\t\t\t\t\t<div class=\"elementor-element elementor-element-46f19a2 elementor-widget elementor-widget-image\" data-id=\"46f19a2\" data-element_type=\"widget\" data-widget_type=\"image.default\">\n\t\t\t\t<div class=\"elementor-widget-container\">\n\t\t\t\t\t\t\t\t\t\t\t\t\t\t\t<img loading=\"lazy\" decoding=\"async\" width=\"1024\" height=\"768\" src=\"https:\/\/valloireloisirs.fr\/wp-content\/uploads\/2024\/10\/20230915_111952-1024x768-1.jpg\" class=\"attachment-large size-large wp-image-3722\" alt=\"\" srcset=\"https:\/\/valloireloisirs.fr\/wp-content\/uploads\/2024\/10\/20230915_111952-1024x768-1.jpg 1024w, https:\/\/valloireloisirs.fr\/wp-content\/uploads\/2024\/10\/20230915_111952-1024x768-1-300x225.jpg 300w, https:\/\/valloireloisirs.fr\/wp-content\/uploads\/2024\/10\/20230915_111952-1024x768-1-768x576.jpg 768w, https:\/\/valloireloisirs.fr\/wp-content\/uploads\/2024\/10\/20230915_111952-1024x768-1-120x90.jpg 120w\" sizes=\"auto, (max-width: 1024px) 100vw, 1024px\" \/>\t\t\t\t\t\t\t\t\t\t\t\t\t\t\t<\/div>\n\t\t\t\t<\/div>\n\t\t\t\t\t<\/div>\n\t\t<\/div>\n\t\t\t\t\t\t\t<\/div>\n\t\t<\/section>\n\t\t\t\t\t\t\t<\/div>\n\t\t","protected":false},"excerpt":{"rendered":"<p>\u00ab\u00a0UN JOUR EN FAMILLE\u00a0\u00bbCie Acaly VENDREDI 11 OCTOBRE 2024SAINT-SORLIN-en-VALLOIREFoyer municipal \u00e0 20h30 Spectacle interactif et participatif adapt\u00e9 \u00e0 tous. le public choisit lui-m\u00eame les sayn\u00e8tes selon ses envies. Parmi ces&hellip;<\/p>\n","protected":false},"author":1,"featured_media":0,"parent":0,"menu_order":0,"comment_status":"closed","ping_status":"closed","template":"","meta":{"_EventAllDay":false,"_EventTimezone":"","_EventStartDate":"","_EventEndDate":"","_EventStartDateUTC":"","_EventEndDateUTC":"","_EventShowMap":false,"_EventShowMapLink":false,"_EventURL":"","_EventCost":"","_EventCostDescription":"","_EventCurrencySymbol":"","_EventCurrencyCode":"","_EventCurrencyPosition":"","_EventDateTimeSeparator":"","_EventTimeRangeSeparator":"","_EventOrganizerID":[],"_EventVenueID":0,"_OrganizerEmail":"","_OrganizerPhone":"","_OrganizerWebsite":"","_VenueAddress":"","_VenueCity":"","_VenueCountry":"","_VenueProvince":"","_VenueZip":"","_VenuePhone":"","_VenueURL":"","_VenueStateProvince":"","_VenueLat":"","_VenueLng":"","footnotes":""},"class_list":["post-846","page","type-page","status-publish","hentry"],"yoast_head":"<!-- This site is optimized with the Yoast SEO plugin v20.1 - https:\/\/yoast.com\/wordpress\/plugins\/seo\/ -->\n<title>Spectacle parentalit\u00e9 -<\/title>\n<meta name=\"robots\" content=\"index, follow, max-snippet:-1, max-image-preview:large, max-video-preview:-1\" \/>\n<link rel=\"canonical\" href=\"https:\/\/valloireloisirs.fr\/index.php\/spectacle-parentalite-2\/\" \/>\n<meta property=\"og:locale\" content=\"fr_FR\" \/>\n<meta property=\"og:type\" content=\"article\" \/>\n<meta property=\"og:title\" content=\"Spectacle parentalit\u00e9 -\" \/>\n<meta property=\"og:description\" content=\"\u00ab\u00a0UN JOUR EN FAMILLE\u00a0\u00bbCie Acaly VENDREDI 11 OCTOBRE 2024SAINT-SORLIN-en-VALLOIREFoyer municipal \u00e0 20h30 Spectacle interactif et participatif adapt\u00e9 \u00e0 tous. le public choisit lui-m\u00eame les sayn\u00e8tes selon ses envies. Parmi ces&hellip;\" \/>\n<meta property=\"og:url\" content=\"https:\/\/valloireloisirs.fr\/index.php\/spectacle-parentalite-2\/\" \/>\n<meta property=\"article:publisher\" content=\"https:\/\/www.facebook.com\/valloire.loisirs\" \/>\n<meta property=\"article:modified_time\" content=\"2024-10-28T16:04:39+00:00\" \/>\n<meta property=\"og:image\" content=\"http:\/\/valloireloisirs.fr\/wp-content\/uploads\/2024\/10\/Un-Jour-en-Famille-Thematiques-1-219x300.jpg\" \/>\n<meta name=\"twitter:card\" content=\"summary_large_image\" \/>\n<meta name=\"twitter:label1\" content=\"Dur\u00e9e de lecture estim\u00e9e\" \/>\n\t<meta name=\"twitter:data1\" content=\"2 minutes\" \/>\n<script type=\"application\/ld+json\" class=\"yoast-schema-graph\">{\"@context\":\"https:\/\/schema.org\",\"@graph\":[{\"@type\":\"WebPage\",\"@id\":\"https:\/\/valloireloisirs.fr\/index.php\/spectacle-parentalite-2\/\",\"url\":\"https:\/\/valloireloisirs.fr\/index.php\/spectacle-parentalite-2\/\",\"name\":\"Spectacle parentalit\u00e9 -\",\"isPartOf\":{\"@id\":\"http:\/\/valloireloisirs.fr\/#website\"},\"datePublished\":\"2021-07-06T11:50:28+00:00\",\"dateModified\":\"2024-10-28T16:04:39+00:00\",\"breadcrumb\":{\"@id\":\"https:\/\/valloireloisirs.fr\/index.php\/spectacle-parentalite-2\/#breadcrumb\"},\"inLanguage\":\"fr-FR\",\"potentialAction\":[{\"@type\":\"ReadAction\",\"target\":[\"https:\/\/valloireloisirs.fr\/index.php\/spectacle-parentalite-2\/\"]}]},{\"@type\":\"BreadcrumbList\",\"@id\":\"https:\/\/valloireloisirs.fr\/index.php\/spectacle-parentalite-2\/#breadcrumb\",\"itemListElement\":[{\"@type\":\"ListItem\",\"position\":1,\"name\":\"Accueil\",\"item\":\"https:\/\/valloireloisirs.fr\/\"},{\"@type\":\"ListItem\",\"position\":2,\"name\":\"Spectacle parentalit\u00e9\"}]},{\"@type\":\"WebSite\",\"@id\":\"http:\/\/valloireloisirs.fr\/#website\",\"url\":\"http:\/\/valloireloisirs.fr\/\",\"name\":\"Valloire Loisirs\",\"description\":\"\",\"publisher\":{\"@id\":\"http:\/\/valloireloisirs.fr\/#organization\"},\"potentialAction\":[{\"@type\":\"SearchAction\",\"target\":{\"@type\":\"EntryPoint\",\"urlTemplate\":\"http:\/\/valloireloisirs.fr\/?s={search_term_string}\"},\"query-input\":\"required name=search_term_string\"}],\"inLanguage\":\"fr-FR\"},{\"@type\":\"Organization\",\"@id\":\"http:\/\/valloireloisirs.fr\/#organization\",\"name\":\"Valloire Loisirs\",\"url\":\"http:\/\/valloireloisirs.fr\/\",\"logo\":{\"@type\":\"ImageObject\",\"inLanguage\":\"fr-FR\",\"@id\":\"http:\/\/valloireloisirs.fr\/#\/schema\/logo\/image\/\",\"url\":\"http:\/\/valloireloisirs.fr\/wp-content\/uploads\/2021\/03\/cropped-logo-VL-1-e1626181648743.jpg\",\"contentUrl\":\"http:\/\/valloireloisirs.fr\/wp-content\/uploads\/2021\/03\/cropped-logo-VL-1-e1626181648743.jpg\",\"width\":150,\"height\":143,\"caption\":\"Valloire Loisirs\"},\"image\":{\"@id\":\"http:\/\/valloireloisirs.fr\/#\/schema\/logo\/image\/\"},\"sameAs\":[\"https:\/\/www.facebook.com\/valloire.loisirs\"]}]}<\/script>\n<!-- \/ Yoast SEO plugin. -->","yoast_head_json":{"title":"Spectacle parentalit\u00e9 -","robots":{"index":"index","follow":"follow","max-snippet":"max-snippet:-1","max-image-preview":"max-image-preview:large","max-video-preview":"max-video-preview:-1"},"canonical":"https:\/\/valloireloisirs.fr\/index.php\/spectacle-parentalite-2\/","og_locale":"fr_FR","og_type":"article","og_title":"Spectacle parentalit\u00e9 -","og_description":"\u00ab\u00a0UN JOUR EN FAMILLE\u00a0\u00bbCie Acaly VENDREDI 11 OCTOBRE 2024SAINT-SORLIN-en-VALLOIREFoyer municipal \u00e0 20h30 Spectacle interactif et participatif adapt\u00e9 \u00e0 tous. le public choisit lui-m\u00eame les sayn\u00e8tes selon ses envies. Parmi ces&hellip;","og_url":"https:\/\/valloireloisirs.fr\/index.php\/spectacle-parentalite-2\/","article_publisher":"https:\/\/www.facebook.com\/valloire.loisirs","article_modified_time":"2024-10-28T16:04:39+00:00","og_image":[{"url":"http:\/\/valloireloisirs.fr\/wp-content\/uploads\/2024\/10\/Un-Jour-en-Famille-Thematiques-1-219x300.jpg"}],"twitter_card":"summary_large_image","twitter_misc":{"Dur\u00e9e de lecture estim\u00e9e":"2 minutes"},"schema":{"@context":"https:\/\/schema.org","@graph":[{"@type":"WebPage","@id":"https:\/\/valloireloisirs.fr\/index.php\/spectacle-parentalite-2\/","url":"https:\/\/valloireloisirs.fr\/index.php\/spectacle-parentalite-2\/","name":"Spectacle parentalit\u00e9 -","isPartOf":{"@id":"http:\/\/valloireloisirs.fr\/#website"},"datePublished":"2021-07-06T11:50:28+00:00","dateModified":"2024-10-28T16:04:39+00:00","breadcrumb":{"@id":"https:\/\/valloireloisirs.fr\/index.php\/spectacle-parentalite-2\/#breadcrumb"},"inLanguage":"fr-FR","potentialAction":[{"@type":"ReadAction","target":["https:\/\/valloireloisirs.fr\/index.php\/spectacle-parentalite-2\/"]}]},{"@type":"BreadcrumbList","@id":"https:\/\/valloireloisirs.fr\/index.php\/spectacle-parentalite-2\/#breadcrumb","itemListElement":[{"@type":"ListItem","position":1,"name":"Accueil","item":"https:\/\/valloireloisirs.fr\/"},{"@type":"ListItem","position":2,"name":"Spectacle parentalit\u00e9"}]},{"@type":"WebSite","@id":"http:\/\/valloireloisirs.fr\/#website","url":"http:\/\/valloireloisirs.fr\/","name":"Valloire Loisirs","description":"","publisher":{"@id":"http:\/\/valloireloisirs.fr\/#organization"},"potentialAction":[{"@type":"SearchAction","target":{"@type":"EntryPoint","urlTemplate":"http:\/\/valloireloisirs.fr\/?s={search_term_string}"},"query-input":"required name=search_term_string"}],"inLanguage":"fr-FR"},{"@type":"Organization","@id":"http:\/\/valloireloisirs.fr\/#organization","name":"Valloire Loisirs","url":"http:\/\/valloireloisirs.fr\/","logo":{"@type":"ImageObject","inLanguage":"fr-FR","@id":"http:\/\/valloireloisirs.fr\/#\/schema\/logo\/image\/","url":"http:\/\/valloireloisirs.fr\/wp-content\/uploads\/2021\/03\/cropped-logo-VL-1-e1626181648743.jpg","contentUrl":"http:\/\/valloireloisirs.fr\/wp-content\/uploads\/2021\/03\/cropped-logo-VL-1-e1626181648743.jpg","width":150,"height":143,"caption":"Valloire Loisirs"},"image":{"@id":"http:\/\/valloireloisirs.fr\/#\/schema\/logo\/image\/"},"sameAs":["https:\/\/www.facebook.com\/valloire.loisirs"]}]}},"_links":{"self":[{"href":"https:\/\/valloireloisirs.fr\/index.php\/wp-json\/wp\/v2\/pages\/846","targetHints":{"allow":["GET"]}}],"collection":[{"href":"https:\/\/valloireloisirs.fr\/index.php\/wp-json\/wp\/v2\/pages"}],"about":[{"href":"https:\/\/valloireloisirs.fr\/index.php\/wp-json\/wp\/v2\/types\/page"}],"author":[{"embeddable":true,"href":"https:\/\/valloireloisirs.fr\/index.php\/wp-json\/wp\/v2\/users\/1"}],"replies":[{"embeddable":true,"href":"https:\/\/valloireloisirs.fr\/index.php\/wp-json\/wp\/v2\/comments?post=846"}],"version-history":[{"count":60,"href":"https:\/\/valloireloisirs.fr\/index.php\/wp-json\/wp\/v2\/pages\/846\/revisions"}],"predecessor-version":[{"id":3833,"href":"https:\/\/valloireloisirs.fr\/index.php\/wp-json\/wp\/v2\/pages\/846\/revisions\/3833"}],"wp:attachment":[{"href":"https:\/\/valloireloisirs.fr\/index.php\/wp-json\/wp\/v2\/media?parent=846"}],"curies":[{"name":"wp","href":"https:\/\/api.w.org\/{rel}","templated":true}]}}