{"id":843,"date":"2021-07-06T13:50:07","date_gmt":"2021-07-06T11:50:07","guid":{"rendered":"http:\/\/valloireloisirs.fr\/?page_id=843"},"modified":"2025-01-16T09:32:24","modified_gmt":"2025-01-16T08:32:24","slug":"projection","status":"publish","type":"page","link":"https:\/\/valloireloisirs.fr\/index.php\/projection\/","title":{"rendered":"Projections"},"content":{"rendered":"\t\t<div data-elementor-type=\"wp-page\" data-elementor-id=\"843\" class=\"elementor elementor-843\">\n\t\t\t\t\t\t\t\t\t<section class=\"elementor-section elementor-top-section elementor-element elementor-element-4f23108 elementor-section-boxed elementor-section-height-default elementor-section-height-default\" data-id=\"4f23108\" data-element_type=\"section\">\n\t\t\t\t\t\t<div class=\"elementor-container elementor-column-gap-default\">\n\t\t\t\t\t<div class=\"elementor-column elementor-col-50 elementor-top-column elementor-element elementor-element-0dc5ffd\" data-id=\"0dc5ffd\" data-element_type=\"column\">\n\t\t\t<div class=\"elementor-widget-wrap elementor-element-populated\">\n\t\t\t\t\t\t\t\t<div class=\"elementor-element elementor-element-9c6f3cb elementor-widget elementor-widget-heading\" data-id=\"9c6f3cb\" data-element_type=\"widget\" data-widget_type=\"heading.default\">\n\t\t\t\t<div class=\"elementor-widget-container\">\n\t\t\t<h2 class=\"elementor-heading-title elementor-size-large\">\"WAORANI, \u00e0 l'or\u00e9e du monde\"<br>de Caroline LELIEVRE et Philippe MISTRAL<br><br>MARDI 18 FEVRIER 2025<br>SAINT-SORLIN-en-VALLOIRE<br>Foyer municipal \u00e0 14h30<\/h2>\t\t<\/div>\n\t\t\t\t<\/div>\n\t\t\t\t<div class=\"elementor-element elementor-element-1831246 elementor-widget elementor-widget-text-editor\" data-id=\"1831246\" data-element_type=\"widget\" data-widget_type=\"text-editor.default\">\n\t\t\t\t<div class=\"elementor-widget-container\">\n\t\t\t\t\t\t\t\t\t\t\t\t\t<\/div>\n\t\t\t\t<\/div>\n\t\t\t\t<div class=\"elementor-element elementor-element-9c09681 elementor-widget elementor-widget-text-editor\" data-id=\"9c09681\" data-element_type=\"widget\" data-widget_type=\"text-editor.default\">\n\t\t\t\t<div class=\"elementor-widget-container\">\n\t\t\t\t\t\t\t\t\t\t\t\t\t<\/div>\n\t\t\t\t<\/div>\n\t\t\t\t\t<\/div>\n\t\t<\/div>\n\t\t\t\t<div class=\"elementor-column elementor-col-50 elementor-top-column elementor-element elementor-element-ebe7302\" data-id=\"ebe7302\" data-element_type=\"column\">\n\t\t\t<div class=\"elementor-widget-wrap elementor-element-populated\">\n\t\t\t\t\t\t\t\t<div class=\"elementor-element elementor-element-fdd76f1 elementor-widget elementor-widget-image\" data-id=\"fdd76f1\" data-element_type=\"widget\" data-widget_type=\"image.default\">\n\t\t\t\t<div class=\"elementor-widget-container\">\n\t\t\t\t\t\t\t\t\t\t\t\t\t\t\t<img loading=\"lazy\" decoding=\"async\" width=\"321\" height=\"180\" src=\"https:\/\/valloireloisirs.fr\/wp-content\/uploads\/2024\/10\/Waorani-1.jpeg\" class=\"attachment-large size-large wp-image-3731\" alt=\"\" srcset=\"https:\/\/valloireloisirs.fr\/wp-content\/uploads\/2024\/10\/Waorani-1.jpeg 321w, https:\/\/valloireloisirs.fr\/wp-content\/uploads\/2024\/10\/Waorani-1-300x168.jpeg 300w\" sizes=\"auto, (max-width: 321px) 100vw, 321px\" \/>\t\t\t\t\t\t\t\t\t\t\t\t\t\t\t<\/div>\n\t\t\t\t<\/div>\n\t\t\t\t<div class=\"elementor-element elementor-element-bc95700 elementor-widget elementor-widget-text-editor\" data-id=\"bc95700\" data-element_type=\"widget\" data-widget_type=\"text-editor.default\">\n\t\t\t\t<div class=\"elementor-widget-container\">\n\t\t\t\t\t\t\t\t\t\t\t\t\t<\/div>\n\t\t\t\t<\/div>\n\t\t\t\t<div class=\"elementor-element elementor-element-005f4c5 elementor-widget elementor-widget-text-editor\" data-id=\"005f4c5\" data-element_type=\"widget\" data-widget_type=\"text-editor.default\">\n\t\t\t\t<div class=\"elementor-widget-container\">\n\t\t\t\t\t\t\t<p>Aux confins de l&rsquo;Amazonie sauvage, un groupe de scientifiques aventuriers descend le Rio Tiputini en packrafts \u00e0 la rencontre de Waorani, peuple d&rsquo;Amazonie connu pour \u00eatre des guerriers et chasseurs ayant une tr\u00e8s grande connaissance de la nature.<\/p><p>Comment peuvent-ils maintenir leurs culture et leurs traditions face \u00e0 la modernit\u00e9 et aux exploitations p\u00e9troli\u00e8res qui rongent leur territoire ?<\/p><p>Tarif : adulte 5\u20ac &#8211; enfant gratuit<\/p>\t\t\t\t\t\t<\/div>\n\t\t\t\t<\/div>\n\t\t\t\t\t<\/div>\n\t\t<\/div>\n\t\t\t\t\t\t\t<\/div>\n\t\t<\/section>\n\t\t\t\t<section class=\"elementor-section elementor-top-section elementor-element elementor-element-6932109 elementor-section-boxed elementor-section-height-default elementor-section-height-default\" data-id=\"6932109\" data-element_type=\"section\">\n\t\t\t\t\t\t<div class=\"elementor-container elementor-column-gap-default\">\n\t\t\t\t\t<div class=\"elementor-column elementor-col-50 elementor-top-column elementor-element elementor-element-df6b624\" data-id=\"df6b624\" data-element_type=\"column\">\n\t\t\t<div class=\"elementor-widget-wrap elementor-element-populated\">\n\t\t\t\t\t\t\t\t<div class=\"elementor-element elementor-element-c021676 elementor-widget elementor-widget-heading\" data-id=\"c021676\" data-element_type=\"widget\" data-widget_type=\"heading.default\">\n\t\t\t\t<div class=\"elementor-widget-container\">\n\t\t\t<h2 class=\"elementor-heading-title elementor-size-large\">\"ARMENIE, SUR LA ROUTE DE LA SOIE\"<br><br>de Hermine MAGUEYSIAN<br><br>JEUDI 27 MARS 2025<br>MANTHES<br>Salle des f\u00eates \u00e0 14h30<\/h2>\t\t<\/div>\n\t\t\t\t<\/div>\n\t\t\t\t<div class=\"elementor-element elementor-element-b848eb2 elementor-widget elementor-widget-text-editor\" data-id=\"b848eb2\" data-element_type=\"widget\" data-widget_type=\"text-editor.default\">\n\t\t\t\t<div class=\"elementor-widget-container\">\n\t\t\t\t\t\t\t\t\t\t\t\t\t<\/div>\n\t\t\t\t<\/div>\n\t\t\t\t\t<\/div>\n\t\t<\/div>\n\t\t\t\t<div class=\"elementor-column elementor-col-50 elementor-top-column elementor-element elementor-element-955238b\" data-id=\"955238b\" data-element_type=\"column\">\n\t\t\t<div class=\"elementor-widget-wrap elementor-element-populated\">\n\t\t\t\t\t\t\t\t<div class=\"elementor-element elementor-element-5c7d5ac elementor-widget elementor-widget-image\" data-id=\"5c7d5ac\" data-element_type=\"widget\" data-widget_type=\"image.default\">\n\t\t\t\t<div class=\"elementor-widget-container\">\n\t\t\t\t\t\t\t\t\t\t\t\t\t\t\t<img loading=\"lazy\" decoding=\"async\" width=\"932\" height=\"434\" src=\"https:\/\/valloireloisirs.fr\/wp-content\/uploads\/2024\/10\/Soie-2.jpg\" class=\"attachment-large size-large wp-image-3726\" alt=\"\" srcset=\"https:\/\/valloireloisirs.fr\/wp-content\/uploads\/2024\/10\/Soie-2.jpg 932w, https:\/\/valloireloisirs.fr\/wp-content\/uploads\/2024\/10\/Soie-2-300x140.jpg 300w, https:\/\/valloireloisirs.fr\/wp-content\/uploads\/2024\/10\/Soie-2-768x358.jpg 768w\" sizes=\"auto, (max-width: 932px) 100vw, 932px\" \/>\t\t\t\t\t\t\t\t\t\t\t\t\t\t\t<\/div>\n\t\t\t\t<\/div>\n\t\t\t\t<div class=\"elementor-element elementor-element-8eccd15 elementor-widget elementor-widget-text-editor\" data-id=\"8eccd15\" data-element_type=\"widget\" data-widget_type=\"text-editor.default\">\n\t\t\t\t<div class=\"elementor-widget-container\">\n\t\t\t\t\t\t\t<p>\u00a0<\/p><p>Ce Road-Trip in\u00e9dit plonge dans les racines mill\u00e9naires d&rsquo;une Arm\u00e9nie dont la survie est encore aujourd&rsquo;hui menac\u00e9e. Ce film r\u00e9v\u00e8le tout simplement la vie de ces femmes et de ces hommes, passeurs d&rsquo;\u00e9ternit\u00e9, qui d\u00e9voilent les sources et les splendeurs de cette route de la soie, somptueuse et aventureuse, v\u00e9ritable pont entre l&rsquo;Orient et l&rsquo;Occident, dont l&rsquo;h\u00e9ritage vivifiant est en danger.<\/p><p>Tarif : adulte 5\u20ac &#8211; enfant gratuit<\/p><p>\u00a0<\/p>\t\t\t\t\t\t<\/div>\n\t\t\t\t<\/div>\n\t\t\t\t\t<\/div>\n\t\t<\/div>\n\t\t\t\t\t\t\t<\/div>\n\t\t<\/section>\n\t\t\t\t<section class=\"elementor-section elementor-top-section elementor-element elementor-element-6e416f8 elementor-section-boxed elementor-section-height-default elementor-section-height-default\" data-id=\"6e416f8\" data-element_type=\"section\">\n\t\t\t\t\t\t<div class=\"elementor-container elementor-column-gap-default\">\n\t\t\t\t\t<div class=\"elementor-column elementor-col-50 elementor-top-column elementor-element elementor-element-7a5b625\" data-id=\"7a5b625\" data-element_type=\"column\">\n\t\t\t<div class=\"elementor-widget-wrap elementor-element-populated\">\n\t\t\t\t\t\t\t\t<div class=\"elementor-element elementor-element-abe1696 elementor-widget elementor-widget-heading\" data-id=\"abe1696\" data-element_type=\"widget\" data-widget_type=\"heading.default\">\n\t\t\t\t<div class=\"elementor-widget-container\">\n\t\t\t<h2 class=\"elementor-heading-title elementor-size-large\">\"LES AILES DE JANYBEK\" <br>de Philippe PRUDENT<br><br>JEUDI 24 AVRIL  2025<br>EPINOUZE<br>Salle des f\u00eates \u00e0 14h30<\/h2>\t\t<\/div>\n\t\t\t\t<\/div>\n\t\t\t\t\t<\/div>\n\t\t<\/div>\n\t\t\t\t<div class=\"elementor-column elementor-col-50 elementor-top-column elementor-element elementor-element-4f56322\" data-id=\"4f56322\" data-element_type=\"column\">\n\t\t\t<div class=\"elementor-widget-wrap elementor-element-populated\">\n\t\t\t\t\t\t\t\t<div class=\"elementor-element elementor-element-47669ab elementor-widget elementor-widget-image\" data-id=\"47669ab\" data-element_type=\"widget\" data-widget_type=\"image.default\">\n\t\t\t\t<div class=\"elementor-widget-container\">\n\t\t\t\t\t\t\t\t\t\t\t\t\t\t\t<img loading=\"lazy\" decoding=\"async\" width=\"189\" height=\"106\" src=\"https:\/\/valloireloisirs.fr\/wp-content\/uploads\/2024\/10\/Janybek-1.jpeg\" class=\"attachment-large size-large wp-image-3787\" alt=\"\" \/>\t\t\t\t\t\t\t\t\t\t\t\t\t\t\t<\/div>\n\t\t\t\t<\/div>\n\t\t\t\t<div class=\"elementor-element elementor-element-ae812b0 elementor-widget elementor-widget-text-editor\" data-id=\"ae812b0\" data-element_type=\"widget\" data-widget_type=\"text-editor.default\">\n\t\t\t\t<div class=\"elementor-widget-container\">\n\t\t\t\t\t\t\t<p>Sur les hauts plateaux du Pamir Oriental, un jeune cavalier fait la fiert\u00e9 de son clan.<\/p><p>L\u00e0-bas, se d\u00e9roule chaque ann\u00e9e, le festival At Chabysh, cr\u00e9\u00e9 par une fran\u00e7aise, jacqueline Ripart, qui a entrepris de sauver la race du cheval Kirghize. Les populations semi-nomades des montagnes s&rsquo;y rendent toujours plus nombreuses, et les jeunes commencent \u00e0 prendre date de ce rendez-vous. A 22 ans, Janybek prend son envol et pourrait bien entrer dans la l\u00e9gende &#8230; Une aventure sauvage et \u00e9poustouflante \u00e0 la rencontre des derniers nomades kirghizes.<\/p><p>\u00a0<\/p><p>Tarif : adulte 5\u20ac &#8211; enfant gratuit<\/p><p>\u00a0<\/p>\t\t\t\t\t\t<\/div>\n\t\t\t\t<\/div>\n\t\t\t\t\t<\/div>\n\t\t<\/div>\n\t\t\t\t\t\t\t<\/div>\n\t\t<\/section>\n\t\t\t\t\t\t\t<\/div>\n\t\t","protected":false},"excerpt":{"rendered":"<p>\u00ab\u00a0WAORANI, \u00e0 l&rsquo;or\u00e9e du monde\u00a0\u00bbde Caroline LELIEVRE et Philippe MISTRAL MARDI 18 FEVRIER 2025SAINT-SORLIN-en-VALLOIREFoyer municipal \u00e0 14h30 Aux confins de l&rsquo;Amazonie sauvage, un groupe de scientifiques aventuriers descend le Rio&hellip;<\/p>\n","protected":false},"author":1,"featured_media":0,"parent":0,"menu_order":0,"comment_status":"closed","ping_status":"closed","template":"","meta":{"_EventAllDay":false,"_EventTimezone":"","_EventStartDate":"","_EventEndDate":"","_EventStartDateUTC":"","_EventEndDateUTC":"","_EventShowMap":false,"_EventShowMapLink":false,"_EventURL":"","_EventCost":"","_EventCostDescription":"","_EventCurrencySymbol":"","_EventCurrencyCode":"","_EventCurrencyPosition":"","_EventDateTimeSeparator":"","_EventTimeRangeSeparator":"","_EventOrganizerID":[],"_EventVenueID":0,"_OrganizerEmail":"","_OrganizerPhone":"","_OrganizerWebsite":"","_VenueAddress":"","_VenueCity":"","_VenueCountry":"","_VenueProvince":"","_VenueZip":"","_VenuePhone":"","_VenueURL":"","_VenueStateProvince":"","_VenueLat":"","_VenueLng":"","footnotes":""},"class_list":["post-843","page","type-page","status-publish","hentry"],"yoast_head":"<!-- This site is optimized with the Yoast SEO plugin v20.1 - https:\/\/yoast.com\/wordpress\/plugins\/seo\/ -->\n<title>Projections -<\/title>\n<meta name=\"robots\" content=\"index, follow, max-snippet:-1, max-image-preview:large, max-video-preview:-1\" \/>\n<link rel=\"canonical\" href=\"https:\/\/valloireloisirs.fr\/index.php\/projection\/\" \/>\n<meta property=\"og:locale\" content=\"fr_FR\" \/>\n<meta property=\"og:type\" content=\"article\" \/>\n<meta property=\"og:title\" content=\"Projections -\" \/>\n<meta property=\"og:description\" content=\"\u00ab\u00a0WAORANI, \u00e0 l&rsquo;or\u00e9e du monde\u00a0\u00bbde Caroline LELIEVRE et Philippe MISTRAL MARDI 18 FEVRIER 2025SAINT-SORLIN-en-VALLOIREFoyer municipal \u00e0 14h30 Aux confins de l&rsquo;Amazonie sauvage, un groupe de scientifiques aventuriers descend le Rio&hellip;\" \/>\n<meta property=\"og:url\" content=\"https:\/\/valloireloisirs.fr\/index.php\/projection\/\" \/>\n<meta property=\"article:publisher\" content=\"https:\/\/www.facebook.com\/valloire.loisirs\" \/>\n<meta property=\"article:modified_time\" content=\"2025-01-16T08:32:24+00:00\" \/>\n<meta property=\"og:image\" content=\"http:\/\/valloireloisirs.fr\/wp-content\/uploads\/2024\/10\/Waorani-1.jpeg\" \/>\n<meta name=\"twitter:card\" content=\"summary_large_image\" \/>\n<meta name=\"twitter:label1\" content=\"Dur\u00e9e de lecture estim\u00e9e\" \/>\n\t<meta name=\"twitter:data1\" content=\"3 minutes\" \/>\n<script type=\"application\/ld+json\" class=\"yoast-schema-graph\">{\"@context\":\"https:\/\/schema.org\",\"@graph\":[{\"@type\":\"WebPage\",\"@id\":\"https:\/\/valloireloisirs.fr\/index.php\/projection\/\",\"url\":\"https:\/\/valloireloisirs.fr\/index.php\/projection\/\",\"name\":\"Projections -\",\"isPartOf\":{\"@id\":\"http:\/\/valloireloisirs.fr\/#website\"},\"datePublished\":\"2021-07-06T11:50:07+00:00\",\"dateModified\":\"2025-01-16T08:32:24+00:00\",\"breadcrumb\":{\"@id\":\"https:\/\/valloireloisirs.fr\/index.php\/projection\/#breadcrumb\"},\"inLanguage\":\"fr-FR\",\"potentialAction\":[{\"@type\":\"ReadAction\",\"target\":[\"https:\/\/valloireloisirs.fr\/index.php\/projection\/\"]}]},{\"@type\":\"BreadcrumbList\",\"@id\":\"https:\/\/valloireloisirs.fr\/index.php\/projection\/#breadcrumb\",\"itemListElement\":[{\"@type\":\"ListItem\",\"position\":1,\"name\":\"Accueil\",\"item\":\"https:\/\/valloireloisirs.fr\/\"},{\"@type\":\"ListItem\",\"position\":2,\"name\":\"Projections\"}]},{\"@type\":\"WebSite\",\"@id\":\"http:\/\/valloireloisirs.fr\/#website\",\"url\":\"http:\/\/valloireloisirs.fr\/\",\"name\":\"Valloire Loisirs\",\"description\":\"\",\"publisher\":{\"@id\":\"http:\/\/valloireloisirs.fr\/#organization\"},\"potentialAction\":[{\"@type\":\"SearchAction\",\"target\":{\"@type\":\"EntryPoint\",\"urlTemplate\":\"http:\/\/valloireloisirs.fr\/?s={search_term_string}\"},\"query-input\":\"required name=search_term_string\"}],\"inLanguage\":\"fr-FR\"},{\"@type\":\"Organization\",\"@id\":\"http:\/\/valloireloisirs.fr\/#organization\",\"name\":\"Valloire Loisirs\",\"url\":\"http:\/\/valloireloisirs.fr\/\",\"logo\":{\"@type\":\"ImageObject\",\"inLanguage\":\"fr-FR\",\"@id\":\"http:\/\/valloireloisirs.fr\/#\/schema\/logo\/image\/\",\"url\":\"http:\/\/valloireloisirs.fr\/wp-content\/uploads\/2021\/03\/cropped-logo-VL-1-e1626181648743.jpg\",\"contentUrl\":\"http:\/\/valloireloisirs.fr\/wp-content\/uploads\/2021\/03\/cropped-logo-VL-1-e1626181648743.jpg\",\"width\":150,\"height\":143,\"caption\":\"Valloire Loisirs\"},\"image\":{\"@id\":\"http:\/\/valloireloisirs.fr\/#\/schema\/logo\/image\/\"},\"sameAs\":[\"https:\/\/www.facebook.com\/valloire.loisirs\"]}]}<\/script>\n<!-- \/ Yoast SEO plugin. -->","yoast_head_json":{"title":"Projections -","robots":{"index":"index","follow":"follow","max-snippet":"max-snippet:-1","max-image-preview":"max-image-preview:large","max-video-preview":"max-video-preview:-1"},"canonical":"https:\/\/valloireloisirs.fr\/index.php\/projection\/","og_locale":"fr_FR","og_type":"article","og_title":"Projections -","og_description":"\u00ab\u00a0WAORANI, \u00e0 l&rsquo;or\u00e9e du monde\u00a0\u00bbde Caroline LELIEVRE et Philippe MISTRAL MARDI 18 FEVRIER 2025SAINT-SORLIN-en-VALLOIREFoyer municipal \u00e0 14h30 Aux confins de l&rsquo;Amazonie sauvage, un groupe de scientifiques aventuriers descend le Rio&hellip;","og_url":"https:\/\/valloireloisirs.fr\/index.php\/projection\/","article_publisher":"https:\/\/www.facebook.com\/valloire.loisirs","article_modified_time":"2025-01-16T08:32:24+00:00","og_image":[{"url":"http:\/\/valloireloisirs.fr\/wp-content\/uploads\/2024\/10\/Waorani-1.jpeg"}],"twitter_card":"summary_large_image","twitter_misc":{"Dur\u00e9e de lecture estim\u00e9e":"3 minutes"},"schema":{"@context":"https:\/\/schema.org","@graph":[{"@type":"WebPage","@id":"https:\/\/valloireloisirs.fr\/index.php\/projection\/","url":"https:\/\/valloireloisirs.fr\/index.php\/projection\/","name":"Projections -","isPartOf":{"@id":"http:\/\/valloireloisirs.fr\/#website"},"datePublished":"2021-07-06T11:50:07+00:00","dateModified":"2025-01-16T08:32:24+00:00","breadcrumb":{"@id":"https:\/\/valloireloisirs.fr\/index.php\/projection\/#breadcrumb"},"inLanguage":"fr-FR","potentialAction":[{"@type":"ReadAction","target":["https:\/\/valloireloisirs.fr\/index.php\/projection\/"]}]},{"@type":"BreadcrumbList","@id":"https:\/\/valloireloisirs.fr\/index.php\/projection\/#breadcrumb","itemListElement":[{"@type":"ListItem","position":1,"name":"Accueil","item":"https:\/\/valloireloisirs.fr\/"},{"@type":"ListItem","position":2,"name":"Projections"}]},{"@type":"WebSite","@id":"http:\/\/valloireloisirs.fr\/#website","url":"http:\/\/valloireloisirs.fr\/","name":"Valloire Loisirs","description":"","publisher":{"@id":"http:\/\/valloireloisirs.fr\/#organization"},"potentialAction":[{"@type":"SearchAction","target":{"@type":"EntryPoint","urlTemplate":"http:\/\/valloireloisirs.fr\/?s={search_term_string}"},"query-input":"required name=search_term_string"}],"inLanguage":"fr-FR"},{"@type":"Organization","@id":"http:\/\/valloireloisirs.fr\/#organization","name":"Valloire Loisirs","url":"http:\/\/valloireloisirs.fr\/","logo":{"@type":"ImageObject","inLanguage":"fr-FR","@id":"http:\/\/valloireloisirs.fr\/#\/schema\/logo\/image\/","url":"http:\/\/valloireloisirs.fr\/wp-content\/uploads\/2021\/03\/cropped-logo-VL-1-e1626181648743.jpg","contentUrl":"http:\/\/valloireloisirs.fr\/wp-content\/uploads\/2021\/03\/cropped-logo-VL-1-e1626181648743.jpg","width":150,"height":143,"caption":"Valloire Loisirs"},"image":{"@id":"http:\/\/valloireloisirs.fr\/#\/schema\/logo\/image\/"},"sameAs":["https:\/\/www.facebook.com\/valloire.loisirs"]}]}},"_links":{"self":[{"href":"https:\/\/valloireloisirs.fr\/index.php\/wp-json\/wp\/v2\/pages\/843","targetHints":{"allow":["GET"]}}],"collection":[{"href":"https:\/\/valloireloisirs.fr\/index.php\/wp-json\/wp\/v2\/pages"}],"about":[{"href":"https:\/\/valloireloisirs.fr\/index.php\/wp-json\/wp\/v2\/types\/page"}],"author":[{"embeddable":true,"href":"https:\/\/valloireloisirs.fr\/index.php\/wp-json\/wp\/v2\/users\/1"}],"replies":[{"embeddable":true,"href":"https:\/\/valloireloisirs.fr\/index.php\/wp-json\/wp\/v2\/comments?post=843"}],"version-history":[{"count":101,"href":"https:\/\/valloireloisirs.fr\/index.php\/wp-json\/wp\/v2\/pages\/843\/revisions"}],"predecessor-version":[{"id":3844,"href":"https:\/\/valloireloisirs.fr\/index.php\/wp-json\/wp\/v2\/pages\/843\/revisions\/3844"}],"wp:attachment":[{"href":"https:\/\/valloireloisirs.fr\/index.php\/wp-json\/wp\/v2\/media?parent=843"}],"curies":[{"name":"wp","href":"https:\/\/api.w.org\/{rel}","templated":true}]}}