{"id":834,"date":"2021-07-06T13:48:15","date_gmt":"2021-07-06T11:48:15","guid":{"rendered":"http:\/\/valloireloisirs.fr\/?page_id=834"},"modified":"2023-10-10T17:30:36","modified_gmt":"2023-10-10T15:30:36","slug":"salon-de-septembre","status":"publish","type":"page","link":"https:\/\/valloireloisirs.fr\/index.php\/salon-de-septembre\/","title":{"rendered":"Salon de Septembre"},"content":{"rendered":"\t\t<div data-elementor-type=\"wp-page\" data-elementor-id=\"834\" class=\"elementor elementor-834\">\n\t\t\t\t\t\t\t\t\t<section class=\"elementor-section elementor-top-section elementor-element elementor-element-8015e23 elementor-section-boxed elementor-section-height-default elementor-section-height-default\" data-id=\"8015e23\" data-element_type=\"section\">\n\t\t\t\t\t\t<div class=\"elementor-container elementor-column-gap-default\">\n\t\t\t\t\t<div class=\"elementor-column elementor-col-100 elementor-top-column elementor-element elementor-element-0db18a4\" data-id=\"0db18a4\" data-element_type=\"column\">\n\t\t\t<div class=\"elementor-widget-wrap elementor-element-populated\">\n\t\t\t\t\t\t\t\t<div class=\"elementor-element elementor-element-deb830a elementor-widget elementor-widget-text-editor\" data-id=\"deb830a\" data-element_type=\"widget\" data-widget_type=\"text-editor.default\">\n\t\t\t\t<div class=\"elementor-widget-container\">\n\t\t\t\t\t\t\t<p><strong><span style=\"text-decoration: underline;\">Dates et lieu<\/span><\/strong> : du 16 au 24 Septembre\u00a0 &#8211; Salle municipale de Lens-Lestang<\/p><p><strong><span style=\"text-decoration: underline;\">Ouverture<\/span><\/strong>: samedis et dimanches de 10h \u00e0 12h et de 14h \u00e0 18h<\/p><p><strong><span style=\"text-decoration: underline;\">Programmation<\/span><\/strong> :\u00a0<\/p><p>\u00a0 \u00a0 <strong>\u00a0 Exposition collective de l&rsquo;atelier Arts Plastique de l&rsquo;association conduite par Isabelle LA\u00cf<\/strong><\/p>\t\t\t\t\t\t<\/div>\n\t\t\t\t<\/div>\n\t\t\t\t<div class=\"elementor-element elementor-element-dfd61a3 elementor-widget elementor-widget-text-editor\" data-id=\"dfd61a3\" data-element_type=\"widget\" data-widget_type=\"text-editor.default\">\n\t\t\t\t<div class=\"elementor-widget-container\">\n\t\t\t\t\t\t\t<p><strong>Ouverture en nocturne<\/strong> le jeudi 21 septembre \u00e0 20h30 lors de la soir\u00e9e conte avec <strong>Olivier Ponsot\u00a0<\/strong><\/p>\t\t\t\t\t\t<\/div>\n\t\t\t\t<\/div>\n\t\t\t\t<div class=\"elementor-element elementor-element-48e8ea0 elementor-widget elementor-widget-text-editor\" data-id=\"48e8ea0\" data-element_type=\"widget\" data-widget_type=\"text-editor.default\">\n\t\t\t\t<div class=\"elementor-widget-container\">\n\t\t\t\t\t\t\t<p><span style=\"text-decoration-line: underline;\"><strong>Report de la soir\u00e9e au vendredi 20 octobre 2023 \u00e0 20h30 \u00e0 la salle des f\u00eates de Lens Lestang<\/strong><\/span><\/p>\t\t\t\t\t\t<\/div>\n\t\t\t\t<\/div>\n\t\t\t\t<div class=\"elementor-element elementor-element-6aa19b5 elementor-widget elementor-widget-image\" data-id=\"6aa19b5\" data-element_type=\"widget\" data-widget_type=\"image.default\">\n\t\t\t\t<div class=\"elementor-widget-container\">\n\t\t\t\t\t\t\t\t\t\t\t\t\t\t\t<img loading=\"lazy\" decoding=\"async\" width=\"724\" height=\"1024\" src=\"https:\/\/valloireloisirs.fr\/wp-content\/uploads\/2023\/09\/Affiche-724x1024.jpg\" class=\"attachment-large size-large wp-image-2797\" alt=\"\" srcset=\"https:\/\/valloireloisirs.fr\/wp-content\/uploads\/2023\/09\/Affiche-724x1024.jpg 724w, https:\/\/valloireloisirs.fr\/wp-content\/uploads\/2023\/09\/Affiche-212x300.jpg 212w, https:\/\/valloireloisirs.fr\/wp-content\/uploads\/2023\/09\/Affiche-768x1086.jpg 768w, https:\/\/valloireloisirs.fr\/wp-content\/uploads\/2023\/09\/Affiche-1086x1536.jpg 1086w, https:\/\/valloireloisirs.fr\/wp-content\/uploads\/2023\/09\/Affiche-1448x2048.jpg 1448w, https:\/\/valloireloisirs.fr\/wp-content\/uploads\/2023\/09\/Affiche-scaled.jpg 1810w\" sizes=\"auto, (max-width: 724px) 100vw, 724px\" \/>\t\t\t\t\t\t\t\t\t\t\t\t\t\t\t<\/div>\n\t\t\t\t<\/div>\n\t\t\t\t\t<\/div>\n\t\t<\/div>\n\t\t\t\t\t\t\t<\/div>\n\t\t<\/section>\n\t\t\t\t<section class=\"elementor-section elementor-top-section elementor-element elementor-element-b4ad380 elementor-section-boxed elementor-section-height-default elementor-section-height-default\" data-id=\"b4ad380\" data-element_type=\"section\">\n\t\t\t\t\t\t<div class=\"elementor-container elementor-column-gap-default\">\n\t\t\t\t\t<div class=\"elementor-column elementor-col-100 elementor-top-column elementor-element elementor-element-07194c6\" data-id=\"07194c6\" data-element_type=\"column\">\n\t\t\t<div class=\"elementor-widget-wrap elementor-element-populated\">\n\t\t\t\t\t\t\t\t<div class=\"elementor-element elementor-element-7c63ad0 elementor-widget elementor-widget-image\" data-id=\"7c63ad0\" data-element_type=\"widget\" data-widget_type=\"image.default\">\n\t\t\t\t<div class=\"elementor-widget-container\">\n\t\t\t\t\t\t\t\t\t\t\t\t\t\t\t<img decoding=\"async\" src=\"http:\/\/valloireloisirs.fr\/wp-content\/uploads\/2021\/07\/adara-trio-photo.jpg\" title=\"\" alt=\"\" loading=\"lazy\" \/>\t\t\t\t\t\t\t\t\t\t\t\t\t\t\t<\/div>\n\t\t\t\t<\/div>\n\t\t\t\t\t<\/div>\n\t\t<\/div>\n\t\t\t\t\t\t\t<\/div>\n\t\t<\/section>\n\t\t\t\t\t\t\t<\/div>\n\t\t","protected":false},"excerpt":{"rendered":"<p>Dates et lieu : du 16 au 24 Septembre\u00a0 &#8211; Salle municipale de Lens-Lestang Ouverture: samedis et dimanches de 10h \u00e0 12h et de 14h \u00e0 18h Programmation :\u00a0 \u00a0&hellip;<\/p>\n","protected":false},"author":1,"featured_media":0,"parent":0,"menu_order":0,"comment_status":"closed","ping_status":"closed","template":"","meta":{"_EventAllDay":false,"_EventTimezone":"","_EventStartDate":"","_EventEndDate":"","_EventStartDateUTC":"","_EventEndDateUTC":"","_EventShowMap":false,"_EventShowMapLink":false,"_EventURL":"","_EventCost":"","_EventCostDescription":"","_EventCurrencySymbol":"","_EventCurrencyCode":"","_EventCurrencyPosition":"","_EventDateTimeSeparator":"","_EventTimeRangeSeparator":"","_EventOrganizerID":[],"_EventVenueID":0,"_OrganizerEmail":"","_OrganizerPhone":"","_OrganizerWebsite":"","_VenueAddress":"","_VenueCity":"","_VenueCountry":"","_VenueProvince":"","_VenueZip":"","_VenuePhone":"","_VenueURL":"","_VenueStateProvince":"","_VenueLat":"","_VenueLng":"","footnotes":""},"class_list":["post-834","page","type-page","status-publish","hentry"],"yoast_head":"<!-- This site is optimized with the Yoast SEO plugin v20.1 - https:\/\/yoast.com\/wordpress\/plugins\/seo\/ -->\n<title>Salon de Septembre -<\/title>\n<meta name=\"robots\" content=\"index, follow, max-snippet:-1, max-image-preview:large, max-video-preview:-1\" \/>\n<link rel=\"canonical\" href=\"http:\/\/valloireloisirs.fr\/index.php\/salon-de-septembre\/\" \/>\n<meta property=\"og:locale\" content=\"fr_FR\" \/>\n<meta property=\"og:type\" content=\"article\" \/>\n<meta property=\"og:title\" content=\"Salon de Septembre -\" \/>\n<meta property=\"og:description\" content=\"Dates et lieu : du 16 au 24 Septembre\u00a0 &#8211; Salle municipale de Lens-Lestang Ouverture: samedis et dimanches de 10h \u00e0 12h et de 14h \u00e0 18h Programmation :\u00a0 \u00a0&hellip;\" \/>\n<meta property=\"og:url\" content=\"http:\/\/valloireloisirs.fr\/index.php\/salon-de-septembre\/\" \/>\n<meta property=\"article:publisher\" content=\"https:\/\/www.facebook.com\/valloire.loisirs\" \/>\n<meta property=\"article:modified_time\" content=\"2023-10-10T15:30:36+00:00\" \/>\n<meta property=\"og:image\" content=\"http:\/\/valloireloisirs.fr\/wp-content\/uploads\/2023\/09\/Affiche-724x1024.jpg\" \/>\n<meta name=\"twitter:card\" content=\"summary_large_image\" \/>\n<meta name=\"twitter:label1\" content=\"Dur\u00e9e de lecture estim\u00e9e\" \/>\n\t<meta name=\"twitter:data1\" content=\"1 minute\" \/>\n<script type=\"application\/ld+json\" class=\"yoast-schema-graph\">{\"@context\":\"https:\/\/schema.org\",\"@graph\":[{\"@type\":\"WebPage\",\"@id\":\"http:\/\/valloireloisirs.fr\/index.php\/salon-de-septembre\/\",\"url\":\"http:\/\/valloireloisirs.fr\/index.php\/salon-de-septembre\/\",\"name\":\"Salon de Septembre -\",\"isPartOf\":{\"@id\":\"http:\/\/valloireloisirs.fr\/#website\"},\"datePublished\":\"2021-07-06T11:48:15+00:00\",\"dateModified\":\"2023-10-10T15:30:36+00:00\",\"breadcrumb\":{\"@id\":\"http:\/\/valloireloisirs.fr\/index.php\/salon-de-septembre\/#breadcrumb\"},\"inLanguage\":\"fr-FR\",\"potentialAction\":[{\"@type\":\"ReadAction\",\"target\":[\"http:\/\/valloireloisirs.fr\/index.php\/salon-de-septembre\/\"]}]},{\"@type\":\"BreadcrumbList\",\"@id\":\"http:\/\/valloireloisirs.fr\/index.php\/salon-de-septembre\/#breadcrumb\",\"itemListElement\":[{\"@type\":\"ListItem\",\"position\":1,\"name\":\"Accueil\",\"item\":\"https:\/\/valloireloisirs.fr\/\"},{\"@type\":\"ListItem\",\"position\":2,\"name\":\"Salon de Septembre\"}]},{\"@type\":\"WebSite\",\"@id\":\"http:\/\/valloireloisirs.fr\/#website\",\"url\":\"http:\/\/valloireloisirs.fr\/\",\"name\":\"Valloire Loisirs\",\"description\":\"\",\"publisher\":{\"@id\":\"http:\/\/valloireloisirs.fr\/#organization\"},\"potentialAction\":[{\"@type\":\"SearchAction\",\"target\":{\"@type\":\"EntryPoint\",\"urlTemplate\":\"http:\/\/valloireloisirs.fr\/?s={search_term_string}\"},\"query-input\":\"required name=search_term_string\"}],\"inLanguage\":\"fr-FR\"},{\"@type\":\"Organization\",\"@id\":\"http:\/\/valloireloisirs.fr\/#organization\",\"name\":\"Valloire Loisirs\",\"url\":\"http:\/\/valloireloisirs.fr\/\",\"logo\":{\"@type\":\"ImageObject\",\"inLanguage\":\"fr-FR\",\"@id\":\"http:\/\/valloireloisirs.fr\/#\/schema\/logo\/image\/\",\"url\":\"http:\/\/valloireloisirs.fr\/wp-content\/uploads\/2021\/03\/cropped-logo-VL-1-e1626181648743.jpg\",\"contentUrl\":\"http:\/\/valloireloisirs.fr\/wp-content\/uploads\/2021\/03\/cropped-logo-VL-1-e1626181648743.jpg\",\"width\":150,\"height\":143,\"caption\":\"Valloire Loisirs\"},\"image\":{\"@id\":\"http:\/\/valloireloisirs.fr\/#\/schema\/logo\/image\/\"},\"sameAs\":[\"https:\/\/www.facebook.com\/valloire.loisirs\"]}]}<\/script>\n<!-- \/ Yoast SEO plugin. -->","yoast_head_json":{"title":"Salon de Septembre -","robots":{"index":"index","follow":"follow","max-snippet":"max-snippet:-1","max-image-preview":"max-image-preview:large","max-video-preview":"max-video-preview:-1"},"canonical":"http:\/\/valloireloisirs.fr\/index.php\/salon-de-septembre\/","og_locale":"fr_FR","og_type":"article","og_title":"Salon de Septembre -","og_description":"Dates et lieu : du 16 au 24 Septembre\u00a0 &#8211; Salle municipale de Lens-Lestang Ouverture: samedis et dimanches de 10h \u00e0 12h et de 14h \u00e0 18h Programmation :\u00a0 \u00a0&hellip;","og_url":"http:\/\/valloireloisirs.fr\/index.php\/salon-de-septembre\/","article_publisher":"https:\/\/www.facebook.com\/valloire.loisirs","article_modified_time":"2023-10-10T15:30:36+00:00","og_image":[{"url":"http:\/\/valloireloisirs.fr\/wp-content\/uploads\/2023\/09\/Affiche-724x1024.jpg"}],"twitter_card":"summary_large_image","twitter_misc":{"Dur\u00e9e de lecture estim\u00e9e":"1 minute"},"schema":{"@context":"https:\/\/schema.org","@graph":[{"@type":"WebPage","@id":"http:\/\/valloireloisirs.fr\/index.php\/salon-de-septembre\/","url":"http:\/\/valloireloisirs.fr\/index.php\/salon-de-septembre\/","name":"Salon de Septembre -","isPartOf":{"@id":"http:\/\/valloireloisirs.fr\/#website"},"datePublished":"2021-07-06T11:48:15+00:00","dateModified":"2023-10-10T15:30:36+00:00","breadcrumb":{"@id":"http:\/\/valloireloisirs.fr\/index.php\/salon-de-septembre\/#breadcrumb"},"inLanguage":"fr-FR","potentialAction":[{"@type":"ReadAction","target":["http:\/\/valloireloisirs.fr\/index.php\/salon-de-septembre\/"]}]},{"@type":"BreadcrumbList","@id":"http:\/\/valloireloisirs.fr\/index.php\/salon-de-septembre\/#breadcrumb","itemListElement":[{"@type":"ListItem","position":1,"name":"Accueil","item":"https:\/\/valloireloisirs.fr\/"},{"@type":"ListItem","position":2,"name":"Salon de Septembre"}]},{"@type":"WebSite","@id":"http:\/\/valloireloisirs.fr\/#website","url":"http:\/\/valloireloisirs.fr\/","name":"Valloire Loisirs","description":"","publisher":{"@id":"http:\/\/valloireloisirs.fr\/#organization"},"potentialAction":[{"@type":"SearchAction","target":{"@type":"EntryPoint","urlTemplate":"http:\/\/valloireloisirs.fr\/?s={search_term_string}"},"query-input":"required name=search_term_string"}],"inLanguage":"fr-FR"},{"@type":"Organization","@id":"http:\/\/valloireloisirs.fr\/#organization","name":"Valloire Loisirs","url":"http:\/\/valloireloisirs.fr\/","logo":{"@type":"ImageObject","inLanguage":"fr-FR","@id":"http:\/\/valloireloisirs.fr\/#\/schema\/logo\/image\/","url":"http:\/\/valloireloisirs.fr\/wp-content\/uploads\/2021\/03\/cropped-logo-VL-1-e1626181648743.jpg","contentUrl":"http:\/\/valloireloisirs.fr\/wp-content\/uploads\/2021\/03\/cropped-logo-VL-1-e1626181648743.jpg","width":150,"height":143,"caption":"Valloire Loisirs"},"image":{"@id":"http:\/\/valloireloisirs.fr\/#\/schema\/logo\/image\/"},"sameAs":["https:\/\/www.facebook.com\/valloire.loisirs"]}]}},"_links":{"self":[{"href":"https:\/\/valloireloisirs.fr\/index.php\/wp-json\/wp\/v2\/pages\/834","targetHints":{"allow":["GET"]}}],"collection":[{"href":"https:\/\/valloireloisirs.fr\/index.php\/wp-json\/wp\/v2\/pages"}],"about":[{"href":"https:\/\/valloireloisirs.fr\/index.php\/wp-json\/wp\/v2\/types\/page"}],"author":[{"embeddable":true,"href":"https:\/\/valloireloisirs.fr\/index.php\/wp-json\/wp\/v2\/users\/1"}],"replies":[{"embeddable":true,"href":"https:\/\/valloireloisirs.fr\/index.php\/wp-json\/wp\/v2\/comments?post=834"}],"version-history":[{"count":52,"href":"https:\/\/valloireloisirs.fr\/index.php\/wp-json\/wp\/v2\/pages\/834\/revisions"}],"predecessor-version":[{"id":3250,"href":"https:\/\/valloireloisirs.fr\/index.php\/wp-json\/wp\/v2\/pages\/834\/revisions\/3250"}],"wp:attachment":[{"href":"https:\/\/valloireloisirs.fr\/index.php\/wp-json\/wp\/v2\/media?parent=834"}],"curies":[{"name":"wp","href":"https:\/\/api.w.org\/{rel}","templated":true}]}}