{"id":737,"date":"2021-07-06T11:05:06","date_gmt":"2021-07-06T09:05:06","guid":{"rendered":"http:\/\/valloireloisirs.fr\/?page_id=737"},"modified":"2024-09-26T18:49:19","modified_gmt":"2024-09-26T16:49:19","slug":"soiree-familiale","status":"publish","type":"page","link":"https:\/\/valloireloisirs.fr\/index.php\/soiree-familiale\/","title":{"rendered":"Soir\u00e9e Familiale"},"content":{"rendered":"\t\t<div data-elementor-type=\"wp-page\" data-elementor-id=\"737\" class=\"elementor elementor-737\">\n\t\t\t\t\t\t\t\t\t<section class=\"elementor-section elementor-top-section elementor-element elementor-element-5e87088 elementor-section-boxed elementor-section-height-default elementor-section-height-default\" data-id=\"5e87088\" data-element_type=\"section\">\n\t\t\t\t\t\t<div class=\"elementor-container elementor-column-gap-default\">\n\t\t\t\t\t<div class=\"elementor-column elementor-col-100 elementor-top-column elementor-element elementor-element-3a60c71\" data-id=\"3a60c71\" data-element_type=\"column\">\n\t\t\t<div class=\"elementor-widget-wrap elementor-element-populated\">\n\t\t\t\t\t\t\t\t<div class=\"elementor-element elementor-element-3c39ceb elementor-widget elementor-widget-heading\" data-id=\"3c39ceb\" data-element_type=\"widget\" data-widget_type=\"heading.default\">\n\t\t\t\t<div class=\"elementor-widget-container\">\n\t\t\t<h2 class=\"elementor-heading-title elementor-size-default\">Soir\u00e9e familiale de No\u00ebl<\/h2>\t\t<\/div>\n\t\t\t\t<\/div>\n\t\t\t\t\t<\/div>\n\t\t<\/div>\n\t\t\t\t\t\t\t<\/div>\n\t\t<\/section>\n\t\t\t\t<section class=\"elementor-section elementor-top-section elementor-element elementor-element-0c9f889 elementor-section-boxed elementor-section-height-default elementor-section-height-default\" data-id=\"0c9f889\" data-element_type=\"section\">\n\t\t\t\t\t\t<div class=\"elementor-container elementor-column-gap-default\">\n\t\t\t\t\t<div class=\"elementor-column elementor-col-100 elementor-top-column elementor-element elementor-element-d060b06\" data-id=\"d060b06\" data-element_type=\"column\">\n\t\t\t<div class=\"elementor-widget-wrap elementor-element-populated\">\n\t\t\t\t\t\t\t\t<div class=\"elementor-element elementor-element-5694db1 elementor-widget elementor-widget-text-editor\" data-id=\"5694db1\" data-element_type=\"widget\" data-widget_type=\"text-editor.default\">\n\t\t\t\t<div class=\"elementor-widget-container\">\n\t\t\t\t\t\t\t<p><em>Ateliers d\u00e9co, ateliers gourmandises<\/em><\/p>\t\t\t\t\t\t<\/div>\n\t\t\t\t<\/div>\n\t\t\t\t\t<\/div>\n\t\t<\/div>\n\t\t\t\t\t\t\t<\/div>\n\t\t<\/section>\n\t\t\t\t<section class=\"elementor-section elementor-top-section elementor-element elementor-element-1aecfa5 elementor-section-boxed elementor-section-height-default elementor-section-height-default\" data-id=\"1aecfa5\" data-element_type=\"section\">\n\t\t\t\t\t\t<div class=\"elementor-container elementor-column-gap-default\">\n\t\t\t\t\t<div class=\"elementor-column elementor-col-50 elementor-top-column elementor-element elementor-element-3accb63\" data-id=\"3accb63\" data-element_type=\"column\">\n\t\t\t<div class=\"elementor-widget-wrap elementor-element-populated\">\n\t\t\t\t\t\t\t\t<div class=\"elementor-element elementor-element-c63aa34 elementor-widget elementor-widget-image\" data-id=\"c63aa34\" data-element_type=\"widget\" data-widget_type=\"image.default\">\n\t\t\t\t<div class=\"elementor-widget-container\">\n\t\t\t\t\t\t\t\t\t\t\t\t\t\t\t<img decoding=\"async\" src=\"https:\/\/valloireloisirs.fr\/wp-content\/uploads\/2021\/07\/biscuit-de-noel.jpg\" title=\"biscuit de noel\" alt=\"biscuit de noel\" loading=\"lazy\" \/>\t\t\t\t\t\t\t\t\t\t\t\t\t\t\t<\/div>\n\t\t\t\t<\/div>\n\t\t\t\t\t<\/div>\n\t\t<\/div>\n\t\t\t\t<div class=\"elementor-column elementor-col-50 elementor-top-column elementor-element elementor-element-5e1e88f\" data-id=\"5e1e88f\" data-element_type=\"column\">\n\t\t\t<div class=\"elementor-widget-wrap elementor-element-populated\">\n\t\t\t\t\t\t\t\t<div class=\"elementor-element elementor-element-851a736 elementor-widget elementor-widget-image\" data-id=\"851a736\" data-element_type=\"widget\" data-widget_type=\"image.default\">\n\t\t\t\t<div class=\"elementor-widget-container\">\n\t\t\t\t\t\t\t\t\t\t\t\t\t\t\t<img decoding=\"async\" src=\"https:\/\/valloireloisirs.fr\/wp-content\/uploads\/2021\/07\/noel-550x400.jpg\" title=\"noel\" alt=\"noel\" loading=\"lazy\" \/>\t\t\t\t\t\t\t\t\t\t\t\t\t\t\t<\/div>\n\t\t\t\t<\/div>\n\t\t\t\t\t<\/div>\n\t\t<\/div>\n\t\t\t\t\t\t\t<\/div>\n\t\t<\/section>\n\t\t\t\t<section class=\"elementor-section elementor-top-section elementor-element elementor-element-54f899f elementor-section-boxed elementor-section-height-default elementor-section-height-default\" data-id=\"54f899f\" data-element_type=\"section\">\n\t\t\t\t\t\t<div class=\"elementor-container elementor-column-gap-default\">\n\t\t\t\t\t<div class=\"elementor-column elementor-col-100 elementor-top-column elementor-element elementor-element-74fa6ab\" data-id=\"74fa6ab\" data-element_type=\"column\">\n\t\t\t<div class=\"elementor-widget-wrap elementor-element-populated\">\n\t\t\t\t\t\t\t\t<div class=\"elementor-element elementor-element-dbb60df elementor-widget elementor-widget-text-editor\" data-id=\"dbb60df\" data-element_type=\"widget\" data-widget_type=\"text-editor.default\">\n\t\t\t\t<div class=\"elementor-widget-container\">\n\t\t\t\t\t\t\t<p><strong>Heure et jour : <\/strong>Vendredi 13 d\u00e9cembre 2024 \u00e0 partir de 18h30<\/p><p><strong>Lieu :<\/strong> Salle des f\u00eates de Lapeyrouse\u00a0<\/p><p><strong>Co\u00fbt : <\/strong>2\u20ac par personne \/ gratuit\u00e9 pour les enfants<\/p><p>Atelier gourmandise et d\u00e9co<\/p><p>Animations musicales avec Ana\u00efs Paris<\/p>\t\t\t\t\t\t<\/div>\n\t\t\t\t<\/div>\n\t\t\t\t\t<\/div>\n\t\t<\/div>\n\t\t\t\t\t\t\t<\/div>\n\t\t<\/section>\n\t\t\t\t<section class=\"elementor-section elementor-top-section elementor-element elementor-element-c0db16d elementor-section-boxed elementor-section-height-default elementor-section-height-default\" data-id=\"c0db16d\" data-element_type=\"section\">\n\t\t\t\t\t\t<div class=\"elementor-container elementor-column-gap-default\">\n\t\t\t\t\t<div class=\"elementor-column elementor-col-100 elementor-top-column elementor-element elementor-element-af71d76\" data-id=\"af71d76\" data-element_type=\"column\">\n\t\t\t<div class=\"elementor-widget-wrap\">\n\t\t\t\t\t\t\t\t\t<\/div>\n\t\t<\/div>\n\t\t\t\t\t\t\t<\/div>\n\t\t<\/section>\n\t\t\t\t\t\t\t<\/div>\n\t\t","protected":false},"excerpt":{"rendered":"<p>Soir\u00e9e familiale de No\u00ebl Ateliers d\u00e9co, ateliers gourmandises Heure et jour : Vendredi 13 d\u00e9cembre 2024 \u00e0 partir de 18h30 Lieu : Salle des f\u00eates de Lapeyrouse\u00a0 Co\u00fbt : 2\u20ac&hellip;<\/p>\n","protected":false},"author":1,"featured_media":0,"parent":0,"menu_order":0,"comment_status":"closed","ping_status":"closed","template":"","meta":{"_EventAllDay":false,"_EventTimezone":"","_EventStartDate":"","_EventEndDate":"","_EventStartDateUTC":"","_EventEndDateUTC":"","_EventShowMap":false,"_EventShowMapLink":false,"_EventURL":"","_EventCost":"","_EventCostDescription":"","_EventCurrencySymbol":"","_EventCurrencyCode":"","_EventCurrencyPosition":"","_EventDateTimeSeparator":"","_EventTimeRangeSeparator":"","_EventOrganizerID":[],"_EventVenueID":0,"_OrganizerEmail":"","_OrganizerPhone":"","_OrganizerWebsite":"","_VenueAddress":"","_VenueCity":"","_VenueCountry":"","_VenueProvince":"","_VenueZip":"","_VenuePhone":"","_VenueURL":"","_VenueStateProvince":"","_VenueLat":"","_VenueLng":"","footnotes":""},"class_list":["post-737","page","type-page","status-publish","hentry"],"yoast_head":"<!-- This site is optimized with the Yoast SEO plugin v20.1 - https:\/\/yoast.com\/wordpress\/plugins\/seo\/ -->\n<title>Soir\u00e9e Familiale -<\/title>\n<meta name=\"robots\" content=\"index, follow, max-snippet:-1, max-image-preview:large, max-video-preview:-1\" \/>\n<link rel=\"canonical\" href=\"https:\/\/valloireloisirs.fr\/index.php\/soiree-familiale\/\" \/>\n<meta property=\"og:locale\" content=\"fr_FR\" \/>\n<meta property=\"og:type\" content=\"article\" \/>\n<meta property=\"og:title\" content=\"Soir\u00e9e Familiale -\" \/>\n<meta property=\"og:description\" content=\"Soir\u00e9e familiale de No\u00ebl Ateliers d\u00e9co, ateliers gourmandises Heure et jour : Vendredi 13 d\u00e9cembre 2024 \u00e0 partir de 18h30 Lieu : Salle des f\u00eates de Lapeyrouse\u00a0 Co\u00fbt : 2\u20ac&hellip;\" \/>\n<meta property=\"og:url\" content=\"https:\/\/valloireloisirs.fr\/index.php\/soiree-familiale\/\" \/>\n<meta property=\"article:publisher\" content=\"https:\/\/www.facebook.com\/valloire.loisirs\" \/>\n<meta property=\"article:modified_time\" content=\"2024-09-26T16:49:19+00:00\" \/>\n<meta property=\"og:image\" content=\"http:\/\/valloireloisirs.fr\/wp-content\/uploads\/2021\/07\/biscuit-de-noel.jpg\" \/>\n<meta name=\"twitter:card\" content=\"summary_large_image\" \/>\n<meta name=\"twitter:label1\" content=\"Dur\u00e9e de lecture estim\u00e9e\" \/>\n\t<meta name=\"twitter:data1\" content=\"1 minute\" \/>\n<script type=\"application\/ld+json\" class=\"yoast-schema-graph\">{\"@context\":\"https:\/\/schema.org\",\"@graph\":[{\"@type\":\"WebPage\",\"@id\":\"https:\/\/valloireloisirs.fr\/index.php\/soiree-familiale\/\",\"url\":\"https:\/\/valloireloisirs.fr\/index.php\/soiree-familiale\/\",\"name\":\"Soir\u00e9e Familiale -\",\"isPartOf\":{\"@id\":\"http:\/\/valloireloisirs.fr\/#website\"},\"datePublished\":\"2021-07-06T09:05:06+00:00\",\"dateModified\":\"2024-09-26T16:49:19+00:00\",\"breadcrumb\":{\"@id\":\"https:\/\/valloireloisirs.fr\/index.php\/soiree-familiale\/#breadcrumb\"},\"inLanguage\":\"fr-FR\",\"potentialAction\":[{\"@type\":\"ReadAction\",\"target\":[\"https:\/\/valloireloisirs.fr\/index.php\/soiree-familiale\/\"]}]},{\"@type\":\"BreadcrumbList\",\"@id\":\"https:\/\/valloireloisirs.fr\/index.php\/soiree-familiale\/#breadcrumb\",\"itemListElement\":[{\"@type\":\"ListItem\",\"position\":1,\"name\":\"Accueil\",\"item\":\"https:\/\/valloireloisirs.fr\/\"},{\"@type\":\"ListItem\",\"position\":2,\"name\":\"Soir\u00e9e Familiale\"}]},{\"@type\":\"WebSite\",\"@id\":\"http:\/\/valloireloisirs.fr\/#website\",\"url\":\"http:\/\/valloireloisirs.fr\/\",\"name\":\"Valloire Loisirs\",\"description\":\"\",\"publisher\":{\"@id\":\"http:\/\/valloireloisirs.fr\/#organization\"},\"potentialAction\":[{\"@type\":\"SearchAction\",\"target\":{\"@type\":\"EntryPoint\",\"urlTemplate\":\"http:\/\/valloireloisirs.fr\/?s={search_term_string}\"},\"query-input\":\"required name=search_term_string\"}],\"inLanguage\":\"fr-FR\"},{\"@type\":\"Organization\",\"@id\":\"http:\/\/valloireloisirs.fr\/#organization\",\"name\":\"Valloire Loisirs\",\"url\":\"http:\/\/valloireloisirs.fr\/\",\"logo\":{\"@type\":\"ImageObject\",\"inLanguage\":\"fr-FR\",\"@id\":\"http:\/\/valloireloisirs.fr\/#\/schema\/logo\/image\/\",\"url\":\"http:\/\/valloireloisirs.fr\/wp-content\/uploads\/2021\/03\/cropped-logo-VL-1-e1626181648743.jpg\",\"contentUrl\":\"http:\/\/valloireloisirs.fr\/wp-content\/uploads\/2021\/03\/cropped-logo-VL-1-e1626181648743.jpg\",\"width\":150,\"height\":143,\"caption\":\"Valloire Loisirs\"},\"image\":{\"@id\":\"http:\/\/valloireloisirs.fr\/#\/schema\/logo\/image\/\"},\"sameAs\":[\"https:\/\/www.facebook.com\/valloire.loisirs\"]}]}<\/script>\n<!-- \/ Yoast SEO plugin. -->","yoast_head_json":{"title":"Soir\u00e9e Familiale -","robots":{"index":"index","follow":"follow","max-snippet":"max-snippet:-1","max-image-preview":"max-image-preview:large","max-video-preview":"max-video-preview:-1"},"canonical":"https:\/\/valloireloisirs.fr\/index.php\/soiree-familiale\/","og_locale":"fr_FR","og_type":"article","og_title":"Soir\u00e9e Familiale -","og_description":"Soir\u00e9e familiale de No\u00ebl Ateliers d\u00e9co, ateliers gourmandises Heure et jour : Vendredi 13 d\u00e9cembre 2024 \u00e0 partir de 18h30 Lieu : Salle des f\u00eates de Lapeyrouse\u00a0 Co\u00fbt : 2\u20ac&hellip;","og_url":"https:\/\/valloireloisirs.fr\/index.php\/soiree-familiale\/","article_publisher":"https:\/\/www.facebook.com\/valloire.loisirs","article_modified_time":"2024-09-26T16:49:19+00:00","og_image":[{"url":"http:\/\/valloireloisirs.fr\/wp-content\/uploads\/2021\/07\/biscuit-de-noel.jpg"}],"twitter_card":"summary_large_image","twitter_misc":{"Dur\u00e9e de lecture estim\u00e9e":"1 minute"},"schema":{"@context":"https:\/\/schema.org","@graph":[{"@type":"WebPage","@id":"https:\/\/valloireloisirs.fr\/index.php\/soiree-familiale\/","url":"https:\/\/valloireloisirs.fr\/index.php\/soiree-familiale\/","name":"Soir\u00e9e Familiale -","isPartOf":{"@id":"http:\/\/valloireloisirs.fr\/#website"},"datePublished":"2021-07-06T09:05:06+00:00","dateModified":"2024-09-26T16:49:19+00:00","breadcrumb":{"@id":"https:\/\/valloireloisirs.fr\/index.php\/soiree-familiale\/#breadcrumb"},"inLanguage":"fr-FR","potentialAction":[{"@type":"ReadAction","target":["https:\/\/valloireloisirs.fr\/index.php\/soiree-familiale\/"]}]},{"@type":"BreadcrumbList","@id":"https:\/\/valloireloisirs.fr\/index.php\/soiree-familiale\/#breadcrumb","itemListElement":[{"@type":"ListItem","position":1,"name":"Accueil","item":"https:\/\/valloireloisirs.fr\/"},{"@type":"ListItem","position":2,"name":"Soir\u00e9e Familiale"}]},{"@type":"WebSite","@id":"http:\/\/valloireloisirs.fr\/#website","url":"http:\/\/valloireloisirs.fr\/","name":"Valloire Loisirs","description":"","publisher":{"@id":"http:\/\/valloireloisirs.fr\/#organization"},"potentialAction":[{"@type":"SearchAction","target":{"@type":"EntryPoint","urlTemplate":"http:\/\/valloireloisirs.fr\/?s={search_term_string}"},"query-input":"required name=search_term_string"}],"inLanguage":"fr-FR"},{"@type":"Organization","@id":"http:\/\/valloireloisirs.fr\/#organization","name":"Valloire Loisirs","url":"http:\/\/valloireloisirs.fr\/","logo":{"@type":"ImageObject","inLanguage":"fr-FR","@id":"http:\/\/valloireloisirs.fr\/#\/schema\/logo\/image\/","url":"http:\/\/valloireloisirs.fr\/wp-content\/uploads\/2021\/03\/cropped-logo-VL-1-e1626181648743.jpg","contentUrl":"http:\/\/valloireloisirs.fr\/wp-content\/uploads\/2021\/03\/cropped-logo-VL-1-e1626181648743.jpg","width":150,"height":143,"caption":"Valloire Loisirs"},"image":{"@id":"http:\/\/valloireloisirs.fr\/#\/schema\/logo\/image\/"},"sameAs":["https:\/\/www.facebook.com\/valloire.loisirs"]}]}},"_links":{"self":[{"href":"https:\/\/valloireloisirs.fr\/index.php\/wp-json\/wp\/v2\/pages\/737","targetHints":{"allow":["GET"]}}],"collection":[{"href":"https:\/\/valloireloisirs.fr\/index.php\/wp-json\/wp\/v2\/pages"}],"about":[{"href":"https:\/\/valloireloisirs.fr\/index.php\/wp-json\/wp\/v2\/types\/page"}],"author":[{"embeddable":true,"href":"https:\/\/valloireloisirs.fr\/index.php\/wp-json\/wp\/v2\/users\/1"}],"replies":[{"embeddable":true,"href":"https:\/\/valloireloisirs.fr\/index.php\/wp-json\/wp\/v2\/comments?post=737"}],"version-history":[{"count":34,"href":"https:\/\/valloireloisirs.fr\/index.php\/wp-json\/wp\/v2\/pages\/737\/revisions"}],"predecessor-version":[{"id":3607,"href":"https:\/\/valloireloisirs.fr\/index.php\/wp-json\/wp\/v2\/pages\/737\/revisions\/3607"}],"wp:attachment":[{"href":"https:\/\/valloireloisirs.fr\/index.php\/wp-json\/wp\/v2\/media?parent=737"}],"curies":[{"name":"wp","href":"https:\/\/api.w.org\/{rel}","templated":true}]}}