{"id":449,"date":"2021-07-05T11:50:49","date_gmt":"2021-07-05T09:50:49","guid":{"rendered":"http:\/\/valloireloisirs.fr\/?page_id=449"},"modified":"2024-09-26T18:17:51","modified_gmt":"2024-09-26T16:17:51","slug":"randonne-pedestre","status":"publish","type":"page","link":"https:\/\/valloireloisirs.fr\/index.php\/randonne-pedestre\/","title":{"rendered":"Randonn\u00e9es p\u00e9destres"},"content":{"rendered":"\t\t<div data-elementor-type=\"wp-page\" data-elementor-id=\"449\" class=\"elementor elementor-449\">\n\t\t\t\t\t\t\t\t\t<section class=\"elementor-section elementor-top-section elementor-element elementor-element-dfec94e elementor-section-boxed elementor-section-height-default elementor-section-height-default\" data-id=\"dfec94e\" data-element_type=\"section\">\n\t\t\t\t\t\t<div class=\"elementor-container elementor-column-gap-default\">\n\t\t\t\t\t<div class=\"elementor-column elementor-col-100 elementor-top-column elementor-element elementor-element-7131f18\" data-id=\"7131f18\" data-element_type=\"column\">\n\t\t\t<div class=\"elementor-widget-wrap elementor-element-populated\">\n\t\t\t\t\t\t\t\t<div class=\"elementor-element elementor-element-6e6c818 elementor-widget elementor-widget-text-editor\" data-id=\"6e6c818\" data-element_type=\"widget\" data-widget_type=\"text-editor.default\">\n\t\t\t\t<div class=\"elementor-widget-container\">\n\t\t\t\t\t\t\t<p><em>Les randonn\u00e9es sont reconnues par des marcheurs \u00e0 tour de r\u00f4le. Le programme de chacune des randos est disponible au si\u00e8ge de l&rsquo;association, \u00e9galement diffus\u00e9 aupr\u00e8s des randonneurs inscrits. Ce programme est \u00e9tabli par les randonneurs lors d&rsquo;une r\u00e9union.<\/em><\/p>\t\t\t\t\t\t<\/div>\n\t\t\t\t<\/div>\n\t\t\t\t\t<\/div>\n\t\t<\/div>\n\t\t\t\t\t\t\t<\/div>\n\t\t<\/section>\n\t\t\t\t<section class=\"elementor-section elementor-top-section elementor-element elementor-element-822ae53 elementor-section-boxed elementor-section-height-default elementor-section-height-default\" data-id=\"822ae53\" data-element_type=\"section\">\n\t\t\t\t\t\t<div class=\"elementor-container elementor-column-gap-default\">\n\t\t\t\t\t<div class=\"elementor-column elementor-col-100 elementor-top-column elementor-element elementor-element-6a07090\" data-id=\"6a07090\" data-element_type=\"column\">\n\t\t\t<div class=\"elementor-widget-wrap elementor-element-populated\">\n\t\t\t\t\t\t\t\t<div class=\"elementor-element elementor-element-bf9136a elementor-widget elementor-widget-text-editor\" data-id=\"bf9136a\" data-element_type=\"widget\" data-widget_type=\"text-editor.default\">\n\t\t\t\t<div class=\"elementor-widget-container\">\n\t\t\t\t\t\t\t<p>Accessibles aux familles et aux adultes.<\/p><p>Adh\u00e9sion annuelle \u00e0 l&rsquo;association qui est de 16\u20ac (+ participation aux frais s&rsquo;il y a lieu)<\/p>\t\t\t\t\t\t<\/div>\n\t\t\t\t<\/div>\n\t\t\t\t\t<\/div>\n\t\t<\/div>\n\t\t\t\t\t\t\t<\/div>\n\t\t<\/section>\n\t\t\t\t<section class=\"elementor-section elementor-top-section elementor-element elementor-element-463f60c elementor-section-boxed elementor-section-height-default elementor-section-height-default\" data-id=\"463f60c\" data-element_type=\"section\">\n\t\t\t\t\t\t<div class=\"elementor-container elementor-column-gap-default\">\n\t\t\t\t\t<div class=\"elementor-column elementor-col-50 elementor-top-column elementor-element elementor-element-6810e6c\" data-id=\"6810e6c\" data-element_type=\"column\">\n\t\t\t<div class=\"elementor-widget-wrap elementor-element-populated\">\n\t\t\t\t\t\t\t\t<div class=\"elementor-element elementor-element-7c2e60a elementor-widget elementor-widget-image\" data-id=\"7c2e60a\" data-element_type=\"widget\" data-widget_type=\"image.default\">\n\t\t\t\t<div class=\"elementor-widget-container\">\n\t\t\t\t\t\t\t\t\t\t\t\t\t\t\t<img loading=\"lazy\" decoding=\"async\" width=\"1024\" height=\"683\" src=\"https:\/\/valloireloisirs.fr\/wp-content\/uploads\/2021\/04\/marcheurs-1024x683.jpg\" class=\"attachment-large size-large wp-image-254\" alt=\"\" srcset=\"https:\/\/valloireloisirs.fr\/wp-content\/uploads\/2021\/04\/marcheurs-1024x683.jpg 1024w, https:\/\/valloireloisirs.fr\/wp-content\/uploads\/2021\/04\/marcheurs-300x200.jpg 300w, https:\/\/valloireloisirs.fr\/wp-content\/uploads\/2021\/04\/marcheurs-768x512.jpg 768w, https:\/\/valloireloisirs.fr\/wp-content\/uploads\/2021\/04\/marcheurs-1536x1024.jpg 1536w, https:\/\/valloireloisirs.fr\/wp-content\/uploads\/2021\/04\/marcheurs-830x553.jpg 830w, https:\/\/valloireloisirs.fr\/wp-content\/uploads\/2021\/04\/marcheurs-230x153.jpg 230w, https:\/\/valloireloisirs.fr\/wp-content\/uploads\/2021\/04\/marcheurs-350x233.jpg 350w, https:\/\/valloireloisirs.fr\/wp-content\/uploads\/2021\/04\/marcheurs-480x320.jpg 480w, https:\/\/valloireloisirs.fr\/wp-content\/uploads\/2021\/04\/marcheurs.jpg 1771w\" sizes=\"auto, (max-width: 1024px) 100vw, 1024px\" \/>\t\t\t\t\t\t\t\t\t\t\t\t\t\t\t<\/div>\n\t\t\t\t<\/div>\n\t\t\t\t\t<\/div>\n\t\t<\/div>\n\t\t\t\t<div class=\"elementor-column elementor-col-50 elementor-top-column elementor-element elementor-element-41d04cd\" data-id=\"41d04cd\" data-element_type=\"column\">\n\t\t\t<div class=\"elementor-widget-wrap elementor-element-populated\">\n\t\t\t\t\t\t\t\t<div class=\"elementor-element elementor-element-3582a30 elementor-widget elementor-widget-image\" data-id=\"3582a30\" data-element_type=\"widget\" data-widget_type=\"image.default\">\n\t\t\t\t<div class=\"elementor-widget-container\">\n\t\t\t\t\t\t\t\t\t\t\t\t\t\t\t<img loading=\"lazy\" decoding=\"async\" width=\"512\" height=\"339\" src=\"https:\/\/valloireloisirs.fr\/wp-content\/uploads\/2021\/07\/randonne.jpg\" class=\"attachment-large size-large wp-image-565\" alt=\"\" srcset=\"https:\/\/valloireloisirs.fr\/wp-content\/uploads\/2021\/07\/randonne.jpg 512w, https:\/\/valloireloisirs.fr\/wp-content\/uploads\/2021\/07\/randonne-300x199.jpg 300w, https:\/\/valloireloisirs.fr\/wp-content\/uploads\/2021\/07\/randonne-230x152.jpg 230w, https:\/\/valloireloisirs.fr\/wp-content\/uploads\/2021\/07\/randonne-350x232.jpg 350w, https:\/\/valloireloisirs.fr\/wp-content\/uploads\/2021\/07\/randonne-480x318.jpg 480w\" sizes=\"auto, (max-width: 512px) 100vw, 512px\" \/>\t\t\t\t\t\t\t\t\t\t\t\t\t\t\t<\/div>\n\t\t\t\t<\/div>\n\t\t\t\t\t<\/div>\n\t\t<\/div>\n\t\t\t\t\t\t\t<\/div>\n\t\t<\/section>\n\t\t\t\t<section class=\"elementor-section elementor-top-section elementor-element elementor-element-6aa1977 elementor-section-boxed elementor-section-height-default elementor-section-height-default\" data-id=\"6aa1977\" data-element_type=\"section\">\n\t\t\t\t\t\t<div class=\"elementor-container elementor-column-gap-default\">\n\t\t\t\t\t<div class=\"elementor-column elementor-col-100 elementor-top-column elementor-element elementor-element-2658c1e\" data-id=\"2658c1e\" data-element_type=\"column\">\n\t\t\t<div class=\"elementor-widget-wrap elementor-element-populated\">\n\t\t\t\t\t\t\t\t<div class=\"elementor-element elementor-element-d04edb3 elementor-widget elementor-widget-text-editor\" data-id=\"d04edb3\" data-element_type=\"widget\" data-widget_type=\"text-editor.default\">\n\t\t\t\t<div class=\"elementor-widget-container\">\n\t\t\t\t\t\t\t<h4><strong>Le dimanche<\/strong><\/h4><p><strong>Rythme : <\/strong>2 dimanches par mois<\/p><p><strong>Rendez-vous<\/strong> : en raison des travaux, chemin de l&rsquo;\u00e9cole priv\u00e9e, ancien city stade \u00e0 Saint Sorlin en Valloire<\/p><p><strong>D\u00e9but : <\/strong>le dimanche 8 septembre 2024, d\u00e9part \u00e0 7h<\/p><p><strong>Inscription :<\/strong> avant le vendredi qui pr\u00e9c\u00e8de la sortie aupr\u00e8s de\u00a0<\/p><p>Yvette MONTLUET 04 75 31 73 28 &#8211; Claude MATHERON\u00a0 06 84 59 91 78<\/p>\t\t\t\t\t\t<\/div>\n\t\t\t\t<\/div>\n\t\t\t\t\t<\/div>\n\t\t<\/div>\n\t\t\t\t\t\t\t<\/div>\n\t\t<\/section>\n\t\t\t\t<section class=\"elementor-section elementor-top-section elementor-element elementor-element-993141c elementor-section-boxed elementor-section-height-default elementor-section-height-default\" data-id=\"993141c\" data-element_type=\"section\">\n\t\t\t\t\t\t<div class=\"elementor-container elementor-column-gap-default\">\n\t\t\t\t\t<div class=\"elementor-column elementor-col-100 elementor-top-column elementor-element elementor-element-7dfc78d\" data-id=\"7dfc78d\" data-element_type=\"column\">\n\t\t\t<div class=\"elementor-widget-wrap elementor-element-populated\">\n\t\t\t\t\t\t\t\t<div class=\"elementor-element elementor-element-dc7ec67 elementor-widget elementor-widget-text-editor\" data-id=\"dc7ec67\" data-element_type=\"widget\" data-widget_type=\"text-editor.default\">\n\t\t\t\t<div class=\"elementor-widget-container\">\n\t\t\t\t\t\t\t<h4><strong>Le mardi apr\u00e8s-midi<\/strong><\/h4><p><strong>Rythme : <\/strong>une sortie hebdomadaire l&rsquo;apr\u00e8s-midi.<\/p><p><strong>Rendez-vous :<\/strong> en raison des travaux, chemin de l&rsquo;\u00e9cole priv\u00e9e, ancien city stade \u00e0 Saint Sorlin en Valloire<\/p><p><strong>D\u00e9but :<\/strong> le mardi 03 septembre 2024 \u00e0 13h30.\u00a0<\/p>\t\t\t\t\t\t<\/div>\n\t\t\t\t<\/div>\n\t\t\t\t\t<\/div>\n\t\t<\/div>\n\t\t\t\t\t\t\t<\/div>\n\t\t<\/section>\n\t\t\t\t<section class=\"elementor-section elementor-top-section elementor-element elementor-element-01a7aa5 elementor-section-boxed elementor-section-height-default elementor-section-height-default\" data-id=\"01a7aa5\" data-element_type=\"section\">\n\t\t\t\t\t\t<div class=\"elementor-container elementor-column-gap-default\">\n\t\t\t\t\t<div class=\"elementor-column elementor-col-100 elementor-top-column elementor-element elementor-element-6cb73bd\" data-id=\"6cb73bd\" data-element_type=\"column\">\n\t\t\t<div class=\"elementor-widget-wrap elementor-element-populated\">\n\t\t\t\t\t\t\t\t<div class=\"elementor-element elementor-element-f161e33 elementor-widget elementor-widget-text-editor\" data-id=\"f161e33\" data-element_type=\"widget\" data-widget_type=\"text-editor.default\">\n\t\t\t\t<div class=\"elementor-widget-container\">\n\t\t\t\t\t\t\t<h4><strong>Le mardi apr\u00e8s-midi (rando douce)<br \/><\/strong><\/h4><p><strong>Rythme : <\/strong>une randonn\u00e9e plus facile avec peu de d\u00e9nivel\u00e9.<\/p><p>Une sortie hebdomadaire par semaine.<\/p><p><strong>D\u00e9but :<\/strong> le mardi 03 septembre 2024 \u00e0 14h.<\/p><p><strong>Rendez-vous<\/strong> :\u00a0 en raison des travaux, chemin de l&rsquo;\u00e9cole priv\u00e9e, ancien city stade \u00e0 Saint Sorlin en Valloire<\/p>\t\t\t\t\t\t<\/div>\n\t\t\t\t<\/div>\n\t\t\t\t\t<\/div>\n\t\t<\/div>\n\t\t\t\t\t\t\t<\/div>\n\t\t<\/section>\n\t\t\t\t<section class=\"elementor-section elementor-top-section elementor-element elementor-element-92d94a1 elementor-section-boxed elementor-section-height-default elementor-section-height-default\" data-id=\"92d94a1\" data-element_type=\"section\">\n\t\t\t\t\t\t<div class=\"elementor-container elementor-column-gap-default\">\n\t\t\t\t\t<div class=\"elementor-column elementor-col-100 elementor-top-column elementor-element elementor-element-6f285e1\" data-id=\"6f285e1\" data-element_type=\"column\">\n\t\t\t<div class=\"elementor-widget-wrap elementor-element-populated\">\n\t\t\t\t\t\t\t\t<div class=\"elementor-element elementor-element-96b602d elementor-widget elementor-widget-text-editor\" data-id=\"96b602d\" data-element_type=\"widget\" data-widget_type=\"text-editor.default\">\n\t\t\t\t<div class=\"elementor-widget-container\">\n\t\t\t\t\t\t\t<h4><strong>Le jeudi \u00e0 la journ\u00e9e<\/strong><\/h4><p><strong>Rythme : <\/strong>une sortie hebdomadaire \u00e0 la journ\u00e9e.<\/p><p><strong>D\u00e9but :<\/strong> le jeudi 05 septembre 2024.<\/p>\t\t\t\t\t\t<\/div>\n\t\t\t\t<\/div>\n\t\t\t\t\t<\/div>\n\t\t<\/div>\n\t\t\t\t\t\t\t<\/div>\n\t\t<\/section>\n\t\t\t\t<section class=\"elementor-section elementor-top-section elementor-element elementor-element-cfa091b elementor-section-boxed elementor-section-height-default elementor-section-height-default\" data-id=\"cfa091b\" data-element_type=\"section\">\n\t\t\t\t\t\t<div class=\"elementor-container elementor-column-gap-default\">\n\t\t\t\t\t<div class=\"elementor-column elementor-col-100 elementor-top-column elementor-element elementor-element-312f97b\" data-id=\"312f97b\" data-element_type=\"column\">\n\t\t\t<div class=\"elementor-widget-wrap elementor-element-populated\">\n\t\t\t\t\t\t\t\t<div class=\"elementor-element elementor-element-8508acf elementor-widget elementor-widget-text-editor\" data-id=\"8508acf\" data-element_type=\"widget\" data-widget_type=\"text-editor.default\">\n\t\t\t\t<div class=\"elementor-widget-container\">\n\t\t\t\t\t\t\t<h4><strong>Le jeudi apr\u00e8s-midi<\/strong><\/h4><p><strong>Rythme : <\/strong>une sortie hebdomadaire l&rsquo;apr\u00e8s-midi.<\/p><p><strong>D\u00e9but<\/strong> : le jeudi 5\u00a0 septembre 2024 \u00e0 13h30.<\/p><p><strong>Rendez vous<\/strong> : en raison des travaux, chemin de l&rsquo;\u00e9cole priv\u00e9e, ancien city stade \u00e0 Saint Sorlin en Valloire.<\/p>\t\t\t\t\t\t<\/div>\n\t\t\t\t<\/div>\n\t\t\t\t\t<\/div>\n\t\t<\/div>\n\t\t\t\t\t\t\t<\/div>\n\t\t<\/section>\n\t\t\t\t\t\t\t<\/div>\n\t\t","protected":false},"excerpt":{"rendered":"<p>Les randonn\u00e9es sont reconnues par des marcheurs \u00e0 tour de r\u00f4le. Le programme de chacune des randos est disponible au si\u00e8ge de l&rsquo;association, \u00e9galement diffus\u00e9 aupr\u00e8s des randonneurs inscrits. Ce&hellip;<\/p>\n","protected":false},"author":1,"featured_media":0,"parent":0,"menu_order":0,"comment_status":"closed","ping_status":"closed","template":"","meta":{"_EventAllDay":false,"_EventTimezone":"","_EventStartDate":"","_EventEndDate":"","_EventStartDateUTC":"","_EventEndDateUTC":"","_EventShowMap":false,"_EventShowMapLink":false,"_EventURL":"","_EventCost":"","_EventCostDescription":"","_EventCurrencySymbol":"","_EventCurrencyCode":"","_EventCurrencyPosition":"","_EventDateTimeSeparator":"","_EventTimeRangeSeparator":"","_EventOrganizerID":[],"_EventVenueID":0,"_OrganizerEmail":"","_OrganizerPhone":"","_OrganizerWebsite":"","_VenueAddress":"","_VenueCity":"","_VenueCountry":"","_VenueProvince":"","_VenueZip":"","_VenuePhone":"","_VenueURL":"","_VenueStateProvince":"","_VenueLat":"","_VenueLng":"","footnotes":""},"class_list":["post-449","page","type-page","status-publish","hentry"],"yoast_head":"<!-- This site is optimized with the Yoast SEO plugin v20.1 - https:\/\/yoast.com\/wordpress\/plugins\/seo\/ -->\n<title>Randonn\u00e9es p\u00e9destres -<\/title>\n<meta name=\"robots\" content=\"index, follow, max-snippet:-1, max-image-preview:large, max-video-preview:-1\" \/>\n<link rel=\"canonical\" href=\"https:\/\/valloireloisirs.fr\/index.php\/randonne-pedestre\/\" \/>\n<meta property=\"og:locale\" content=\"fr_FR\" \/>\n<meta property=\"og:type\" content=\"article\" \/>\n<meta property=\"og:title\" content=\"Randonn\u00e9es p\u00e9destres -\" \/>\n<meta property=\"og:description\" content=\"Les randonn\u00e9es sont reconnues par des marcheurs \u00e0 tour de r\u00f4le. Le programme de chacune des randos est disponible au si\u00e8ge de l&rsquo;association, \u00e9galement diffus\u00e9 aupr\u00e8s des randonneurs inscrits. Ce&hellip;\" \/>\n<meta property=\"og:url\" content=\"https:\/\/valloireloisirs.fr\/index.php\/randonne-pedestre\/\" \/>\n<meta property=\"article:publisher\" content=\"https:\/\/www.facebook.com\/valloire.loisirs\" \/>\n<meta property=\"article:modified_time\" content=\"2024-09-26T16:17:51+00:00\" \/>\n<meta property=\"og:image\" content=\"http:\/\/valloireloisirs.fr\/wp-content\/uploads\/2021\/04\/marcheurs-1024x683.jpg\" \/>\n<meta name=\"twitter:card\" content=\"summary_large_image\" \/>\n<meta name=\"twitter:label1\" content=\"Dur\u00e9e de lecture estim\u00e9e\" \/>\n\t<meta name=\"twitter:data1\" content=\"2 minutes\" \/>\n<script type=\"application\/ld+json\" class=\"yoast-schema-graph\">{\"@context\":\"https:\/\/schema.org\",\"@graph\":[{\"@type\":\"WebPage\",\"@id\":\"https:\/\/valloireloisirs.fr\/index.php\/randonne-pedestre\/\",\"url\":\"https:\/\/valloireloisirs.fr\/index.php\/randonne-pedestre\/\",\"name\":\"Randonn\u00e9es p\u00e9destres -\",\"isPartOf\":{\"@id\":\"http:\/\/valloireloisirs.fr\/#website\"},\"datePublished\":\"2021-07-05T09:50:49+00:00\",\"dateModified\":\"2024-09-26T16:17:51+00:00\",\"breadcrumb\":{\"@id\":\"https:\/\/valloireloisirs.fr\/index.php\/randonne-pedestre\/#breadcrumb\"},\"inLanguage\":\"fr-FR\",\"potentialAction\":[{\"@type\":\"ReadAction\",\"target\":[\"https:\/\/valloireloisirs.fr\/index.php\/randonne-pedestre\/\"]}]},{\"@type\":\"BreadcrumbList\",\"@id\":\"https:\/\/valloireloisirs.fr\/index.php\/randonne-pedestre\/#breadcrumb\",\"itemListElement\":[{\"@type\":\"ListItem\",\"position\":1,\"name\":\"Accueil\",\"item\":\"https:\/\/valloireloisirs.fr\/\"},{\"@type\":\"ListItem\",\"position\":2,\"name\":\"Randonn\u00e9es p\u00e9destres\"}]},{\"@type\":\"WebSite\",\"@id\":\"http:\/\/valloireloisirs.fr\/#website\",\"url\":\"http:\/\/valloireloisirs.fr\/\",\"name\":\"Valloire Loisirs\",\"description\":\"\",\"publisher\":{\"@id\":\"http:\/\/valloireloisirs.fr\/#organization\"},\"potentialAction\":[{\"@type\":\"SearchAction\",\"target\":{\"@type\":\"EntryPoint\",\"urlTemplate\":\"http:\/\/valloireloisirs.fr\/?s={search_term_string}\"},\"query-input\":\"required name=search_term_string\"}],\"inLanguage\":\"fr-FR\"},{\"@type\":\"Organization\",\"@id\":\"http:\/\/valloireloisirs.fr\/#organization\",\"name\":\"Valloire Loisirs\",\"url\":\"http:\/\/valloireloisirs.fr\/\",\"logo\":{\"@type\":\"ImageObject\",\"inLanguage\":\"fr-FR\",\"@id\":\"http:\/\/valloireloisirs.fr\/#\/schema\/logo\/image\/\",\"url\":\"http:\/\/valloireloisirs.fr\/wp-content\/uploads\/2021\/03\/cropped-logo-VL-1-e1626181648743.jpg\",\"contentUrl\":\"http:\/\/valloireloisirs.fr\/wp-content\/uploads\/2021\/03\/cropped-logo-VL-1-e1626181648743.jpg\",\"width\":150,\"height\":143,\"caption\":\"Valloire Loisirs\"},\"image\":{\"@id\":\"http:\/\/valloireloisirs.fr\/#\/schema\/logo\/image\/\"},\"sameAs\":[\"https:\/\/www.facebook.com\/valloire.loisirs\"]}]}<\/script>\n<!-- \/ Yoast SEO plugin. -->","yoast_head_json":{"title":"Randonn\u00e9es p\u00e9destres -","robots":{"index":"index","follow":"follow","max-snippet":"max-snippet:-1","max-image-preview":"max-image-preview:large","max-video-preview":"max-video-preview:-1"},"canonical":"https:\/\/valloireloisirs.fr\/index.php\/randonne-pedestre\/","og_locale":"fr_FR","og_type":"article","og_title":"Randonn\u00e9es p\u00e9destres -","og_description":"Les randonn\u00e9es sont reconnues par des marcheurs \u00e0 tour de r\u00f4le. Le programme de chacune des randos est disponible au si\u00e8ge de l&rsquo;association, \u00e9galement diffus\u00e9 aupr\u00e8s des randonneurs inscrits. Ce&hellip;","og_url":"https:\/\/valloireloisirs.fr\/index.php\/randonne-pedestre\/","article_publisher":"https:\/\/www.facebook.com\/valloire.loisirs","article_modified_time":"2024-09-26T16:17:51+00:00","og_image":[{"url":"http:\/\/valloireloisirs.fr\/wp-content\/uploads\/2021\/04\/marcheurs-1024x683.jpg"}],"twitter_card":"summary_large_image","twitter_misc":{"Dur\u00e9e de lecture estim\u00e9e":"2 minutes"},"schema":{"@context":"https:\/\/schema.org","@graph":[{"@type":"WebPage","@id":"https:\/\/valloireloisirs.fr\/index.php\/randonne-pedestre\/","url":"https:\/\/valloireloisirs.fr\/index.php\/randonne-pedestre\/","name":"Randonn\u00e9es p\u00e9destres -","isPartOf":{"@id":"http:\/\/valloireloisirs.fr\/#website"},"datePublished":"2021-07-05T09:50:49+00:00","dateModified":"2024-09-26T16:17:51+00:00","breadcrumb":{"@id":"https:\/\/valloireloisirs.fr\/index.php\/randonne-pedestre\/#breadcrumb"},"inLanguage":"fr-FR","potentialAction":[{"@type":"ReadAction","target":["https:\/\/valloireloisirs.fr\/index.php\/randonne-pedestre\/"]}]},{"@type":"BreadcrumbList","@id":"https:\/\/valloireloisirs.fr\/index.php\/randonne-pedestre\/#breadcrumb","itemListElement":[{"@type":"ListItem","position":1,"name":"Accueil","item":"https:\/\/valloireloisirs.fr\/"},{"@type":"ListItem","position":2,"name":"Randonn\u00e9es p\u00e9destres"}]},{"@type":"WebSite","@id":"http:\/\/valloireloisirs.fr\/#website","url":"http:\/\/valloireloisirs.fr\/","name":"Valloire Loisirs","description":"","publisher":{"@id":"http:\/\/valloireloisirs.fr\/#organization"},"potentialAction":[{"@type":"SearchAction","target":{"@type":"EntryPoint","urlTemplate":"http:\/\/valloireloisirs.fr\/?s={search_term_string}"},"query-input":"required name=search_term_string"}],"inLanguage":"fr-FR"},{"@type":"Organization","@id":"http:\/\/valloireloisirs.fr\/#organization","name":"Valloire Loisirs","url":"http:\/\/valloireloisirs.fr\/","logo":{"@type":"ImageObject","inLanguage":"fr-FR","@id":"http:\/\/valloireloisirs.fr\/#\/schema\/logo\/image\/","url":"http:\/\/valloireloisirs.fr\/wp-content\/uploads\/2021\/03\/cropped-logo-VL-1-e1626181648743.jpg","contentUrl":"http:\/\/valloireloisirs.fr\/wp-content\/uploads\/2021\/03\/cropped-logo-VL-1-e1626181648743.jpg","width":150,"height":143,"caption":"Valloire Loisirs"},"image":{"@id":"http:\/\/valloireloisirs.fr\/#\/schema\/logo\/image\/"},"sameAs":["https:\/\/www.facebook.com\/valloire.loisirs"]}]}},"_links":{"self":[{"href":"https:\/\/valloireloisirs.fr\/index.php\/wp-json\/wp\/v2\/pages\/449","targetHints":{"allow":["GET"]}}],"collection":[{"href":"https:\/\/valloireloisirs.fr\/index.php\/wp-json\/wp\/v2\/pages"}],"about":[{"href":"https:\/\/valloireloisirs.fr\/index.php\/wp-json\/wp\/v2\/types\/page"}],"author":[{"embeddable":true,"href":"https:\/\/valloireloisirs.fr\/index.php\/wp-json\/wp\/v2\/users\/1"}],"replies":[{"embeddable":true,"href":"https:\/\/valloireloisirs.fr\/index.php\/wp-json\/wp\/v2\/comments?post=449"}],"version-history":[{"count":63,"href":"https:\/\/valloireloisirs.fr\/index.php\/wp-json\/wp\/v2\/pages\/449\/revisions"}],"predecessor-version":[{"id":3582,"href":"https:\/\/valloireloisirs.fr\/index.php\/wp-json\/wp\/v2\/pages\/449\/revisions\/3582"}],"wp:attachment":[{"href":"https:\/\/valloireloisirs.fr\/index.php\/wp-json\/wp\/v2\/media?parent=449"}],"curies":[{"name":"wp","href":"https:\/\/api.w.org\/{rel}","templated":true}]}}