{"id":398,"date":"2021-07-02T13:33:40","date_gmt":"2021-07-02T11:33:40","guid":{"rendered":"http:\/\/valloireloisirs.fr\/?page_id=398"},"modified":"2024-09-26T17:07:53","modified_gmt":"2024-09-26T15:07:53","slug":"arts-plastiques","status":"publish","type":"page","link":"https:\/\/valloireloisirs.fr\/index.php\/arts-plastiques\/","title":{"rendered":"Peinture\/dessin"},"content":{"rendered":"\t\t<div data-elementor-type=\"wp-page\" data-elementor-id=\"398\" class=\"elementor elementor-398\">\n\t\t\t\t\t\t\t\t\t<section class=\"elementor-section elementor-top-section elementor-element elementor-element-25345e7 elementor-section-boxed elementor-section-height-default elementor-section-height-default\" data-id=\"25345e7\" data-element_type=\"section\">\n\t\t\t\t\t\t<div class=\"elementor-container elementor-column-gap-default\">\n\t\t\t\t\t<div class=\"elementor-column elementor-col-100 elementor-top-column elementor-element elementor-element-ffdc20d\" data-id=\"ffdc20d\" data-element_type=\"column\">\n\t\t\t<div class=\"elementor-widget-wrap elementor-element-populated\">\n\t\t\t\t\t\t\t\t<div class=\"elementor-element elementor-element-b8f884c elementor-widget elementor-widget-heading\" data-id=\"b8f884c\" data-element_type=\"widget\" data-widget_type=\"heading.default\">\n\t\t\t\t<div class=\"elementor-widget-container\">\n\t\t\t<h2 class=\"elementor-heading-title elementor-size-default\">Peinture\/dessin<\/h2>\t\t<\/div>\n\t\t\t\t<\/div>\n\t\t\t\t\t<\/div>\n\t\t<\/div>\n\t\t\t\t\t\t\t<\/div>\n\t\t<\/section>\n\t\t\t\t<section class=\"elementor-section elementor-top-section elementor-element elementor-element-8fe39ab elementor-section-boxed elementor-section-height-default elementor-section-height-default\" data-id=\"8fe39ab\" data-element_type=\"section\">\n\t\t\t\t\t\t<div class=\"elementor-container elementor-column-gap-default\">\n\t\t\t\t\t<div class=\"elementor-column elementor-col-100 elementor-top-column elementor-element elementor-element-46271b3\" data-id=\"46271b3\" data-element_type=\"column\">\n\t\t\t<div class=\"elementor-widget-wrap elementor-element-populated\">\n\t\t\t\t\t\t\t\t<div class=\"elementor-element elementor-element-cdd65e0 elementor-widget elementor-widget-text-editor\" data-id=\"cdd65e0\" data-element_type=\"widget\" data-widget_type=\"text-editor.default\">\n\t\t\t\t<div class=\"elementor-widget-container\">\n\t\t\t\t\t\t\t<p><strong>Avec Isabelle LA\u00cf<\/strong><\/p>\t\t\t\t\t\t<\/div>\n\t\t\t\t<\/div>\n\t\t\t\t\t<\/div>\n\t\t<\/div>\n\t\t\t\t\t\t\t<\/div>\n\t\t<\/section>\n\t\t\t\t<section class=\"elementor-section elementor-top-section elementor-element elementor-element-0843790 elementor-section-boxed elementor-section-height-default elementor-section-height-default\" data-id=\"0843790\" data-element_type=\"section\">\n\t\t\t\t\t\t<div class=\"elementor-container elementor-column-gap-default\">\n\t\t\t\t\t<div class=\"elementor-column elementor-col-100 elementor-top-column elementor-element elementor-element-0ee6599\" data-id=\"0ee6599\" data-element_type=\"column\">\n\t\t\t<div class=\"elementor-widget-wrap elementor-element-populated\">\n\t\t\t\t\t\t\t\t<div class=\"elementor-element elementor-element-bb7fbd7 elementor-widget elementor-widget-text-editor\" data-id=\"bb7fbd7\" data-element_type=\"widget\" data-widget_type=\"text-editor.default\">\n\t\t\t\t<div class=\"elementor-widget-container\">\n\t\t\t\t\t\t\t<p><em>Apprendre \u00e0 regarder et d\u00e9couvrir les diverses techniques du dessin et\/ou de la peinture avec un suivi individuel pour permettre de progresser rapidement. Possibilit\u00e9 d&rsquo;accompagnement \u00e0 la pr\u00e9paration d&rsquo;un dossier pour les \u00e9coles d&rsquo;art -sur demande- Renseignez-vous.<\/em><\/p>\t\t\t\t\t\t<\/div>\n\t\t\t\t<\/div>\n\t\t\t\t\t<\/div>\n\t\t<\/div>\n\t\t\t\t\t\t\t<\/div>\n\t\t<\/section>\n\t\t\t\t<section class=\"elementor-section elementor-top-section elementor-element elementor-element-ab193e4 elementor-section-boxed elementor-section-height-default elementor-section-height-default\" data-id=\"ab193e4\" data-element_type=\"section\">\n\t\t\t\t\t\t<div class=\"elementor-container elementor-column-gap-default\">\n\t\t\t\t\t<div class=\"elementor-column elementor-col-100 elementor-top-column elementor-element elementor-element-e5d9fa1\" data-id=\"e5d9fa1\" data-element_type=\"column\">\n\t\t\t<div class=\"elementor-widget-wrap elementor-element-populated\">\n\t\t\t\t\t\t\t\t<div class=\"elementor-element elementor-element-05eb589 elementor-widget elementor-widget-image\" data-id=\"05eb589\" data-element_type=\"widget\" data-widget_type=\"image.default\">\n\t\t\t\t<div class=\"elementor-widget-container\">\n\t\t\t\t\t\t\t\t\t\t\t\t\t\t\t<img decoding=\"async\" src=\"https:\/\/valloireloisirs.fr\/wp-content\/uploads\/2021\/04\/dessin-550x400.jpg\" title=\"dessin\" alt=\"dessin\" loading=\"lazy\" \/>\t\t\t\t\t\t\t\t\t\t\t\t\t\t\t<\/div>\n\t\t\t\t<\/div>\n\t\t\t\t\t<\/div>\n\t\t<\/div>\n\t\t\t\t\t\t\t<\/div>\n\t\t<\/section>\n\t\t\t\t<section class=\"elementor-section elementor-top-section elementor-element elementor-element-faf3889 elementor-section-boxed elementor-section-height-default elementor-section-height-default\" data-id=\"faf3889\" data-element_type=\"section\">\n\t\t\t\t\t\t<div class=\"elementor-container elementor-column-gap-default\">\n\t\t\t\t\t<div class=\"elementor-column elementor-col-100 elementor-top-column elementor-element elementor-element-e9214b5\" data-id=\"e9214b5\" data-element_type=\"column\">\n\t\t\t<div class=\"elementor-widget-wrap elementor-element-populated\">\n\t\t\t\t\t\t\t\t<div class=\"elementor-element elementor-element-52620c8 elementor-widget elementor-widget-text-editor\" data-id=\"52620c8\" data-element_type=\"widget\" data-widget_type=\"text-editor.default\">\n\t\t\t\t<div class=\"elementor-widget-container\">\n\t\t\t\t\t\t\t<p><strong>Public :<\/strong> adultes et jeunes de plus de 10 ans.<\/p><p><strong>Jour et heure : <\/strong>le mercredi entre 14h30 \u00e0 16h30 et de 17h \u00e0 19h\u00a0<\/p><p><strong>Lieu : <\/strong>atelier Arts Plastiques de Lens Lestang\u00a0<\/p><p><strong>Co\u00fbt : <\/strong>195 \u20ac pour 25 s\u00e9ances de 2h, soit au total 50h + adh\u00e9sion annuelle (16 \u20ac).<\/p><p><strong>D\u00e9but :<\/strong> le mercredi 2 octobre 2024.<\/p><p><strong>Inscription :<\/strong> le lundi 23 septembre \u00e0 18h, r\u00e9union \u00e0 l&rsquo;atelier Arts Plastiques de Lens Lestang pour d\u00e9finir le programme, le mat\u00e9riel et les groupes.<\/p>\t\t\t\t\t\t<\/div>\n\t\t\t\t<\/div>\n\t\t\t\t\t<\/div>\n\t\t<\/div>\n\t\t\t\t\t\t\t<\/div>\n\t\t<\/section>\n\t\t\t\t\t\t\t<\/div>\n\t\t","protected":false},"excerpt":{"rendered":"<p>Peinture\/dessin Avec Isabelle LA\u00cf Apprendre \u00e0 regarder et d\u00e9couvrir les diverses techniques du dessin et\/ou de la peinture avec un suivi individuel pour permettre de progresser rapidement. Possibilit\u00e9 d&rsquo;accompagnement \u00e0&hellip;<\/p>\n","protected":false},"author":1,"featured_media":0,"parent":0,"menu_order":0,"comment_status":"closed","ping_status":"closed","template":"","meta":{"_EventAllDay":false,"_EventTimezone":"","_EventStartDate":"","_EventEndDate":"","_EventStartDateUTC":"","_EventEndDateUTC":"","_EventShowMap":false,"_EventShowMapLink":false,"_EventURL":"","_EventCost":"","_EventCostDescription":"","_EventCurrencySymbol":"","_EventCurrencyCode":"","_EventCurrencyPosition":"","_EventDateTimeSeparator":"","_EventTimeRangeSeparator":"","_EventOrganizerID":[],"_EventVenueID":0,"_OrganizerEmail":"","_OrganizerPhone":"","_OrganizerWebsite":"","_VenueAddress":"","_VenueCity":"","_VenueCountry":"","_VenueProvince":"","_VenueZip":"","_VenuePhone":"","_VenueURL":"","_VenueStateProvince":"","_VenueLat":"","_VenueLng":"","footnotes":""},"class_list":["post-398","page","type-page","status-publish","hentry"],"yoast_head":"<!-- This site is optimized with the Yoast SEO plugin v20.1 - https:\/\/yoast.com\/wordpress\/plugins\/seo\/ -->\n<title>Peinture\/dessin -<\/title>\n<meta name=\"robots\" content=\"index, follow, max-snippet:-1, max-image-preview:large, max-video-preview:-1\" \/>\n<link rel=\"canonical\" href=\"http:\/\/valloireloisirs.fr\/index.php\/arts-plastiques\/\" \/>\n<meta property=\"og:locale\" content=\"fr_FR\" \/>\n<meta property=\"og:type\" content=\"article\" \/>\n<meta property=\"og:title\" content=\"Peinture\/dessin -\" \/>\n<meta property=\"og:description\" content=\"Peinture\/dessin Avec Isabelle LA\u00cf Apprendre \u00e0 regarder et d\u00e9couvrir les diverses techniques du dessin et\/ou de la peinture avec un suivi individuel pour permettre de progresser rapidement. Possibilit\u00e9 d&rsquo;accompagnement \u00e0&hellip;\" \/>\n<meta property=\"og:url\" content=\"http:\/\/valloireloisirs.fr\/index.php\/arts-plastiques\/\" \/>\n<meta property=\"article:publisher\" content=\"https:\/\/www.facebook.com\/valloire.loisirs\" \/>\n<meta property=\"article:modified_time\" content=\"2024-09-26T15:07:53+00:00\" \/>\n<meta property=\"og:image\" content=\"http:\/\/valloireloisirs.fr\/wp-content\/uploads\/2021\/04\/dessin-550x400.jpg\" \/>\n<meta name=\"twitter:card\" content=\"summary_large_image\" \/>\n<meta name=\"twitter:label1\" content=\"Dur\u00e9e de lecture estim\u00e9e\" \/>\n\t<meta name=\"twitter:data1\" content=\"1 minute\" \/>\n<script type=\"application\/ld+json\" class=\"yoast-schema-graph\">{\"@context\":\"https:\/\/schema.org\",\"@graph\":[{\"@type\":\"WebPage\",\"@id\":\"http:\/\/valloireloisirs.fr\/index.php\/arts-plastiques\/\",\"url\":\"http:\/\/valloireloisirs.fr\/index.php\/arts-plastiques\/\",\"name\":\"Peinture\/dessin -\",\"isPartOf\":{\"@id\":\"http:\/\/valloireloisirs.fr\/#website\"},\"datePublished\":\"2021-07-02T11:33:40+00:00\",\"dateModified\":\"2024-09-26T15:07:53+00:00\",\"breadcrumb\":{\"@id\":\"http:\/\/valloireloisirs.fr\/index.php\/arts-plastiques\/#breadcrumb\"},\"inLanguage\":\"fr-FR\",\"potentialAction\":[{\"@type\":\"ReadAction\",\"target\":[\"http:\/\/valloireloisirs.fr\/index.php\/arts-plastiques\/\"]}]},{\"@type\":\"BreadcrumbList\",\"@id\":\"http:\/\/valloireloisirs.fr\/index.php\/arts-plastiques\/#breadcrumb\",\"itemListElement\":[{\"@type\":\"ListItem\",\"position\":1,\"name\":\"Accueil\",\"item\":\"https:\/\/valloireloisirs.fr\/\"},{\"@type\":\"ListItem\",\"position\":2,\"name\":\"Peinture\/dessin\"}]},{\"@type\":\"WebSite\",\"@id\":\"http:\/\/valloireloisirs.fr\/#website\",\"url\":\"http:\/\/valloireloisirs.fr\/\",\"name\":\"Valloire Loisirs\",\"description\":\"\",\"publisher\":{\"@id\":\"http:\/\/valloireloisirs.fr\/#organization\"},\"potentialAction\":[{\"@type\":\"SearchAction\",\"target\":{\"@type\":\"EntryPoint\",\"urlTemplate\":\"http:\/\/valloireloisirs.fr\/?s={search_term_string}\"},\"query-input\":\"required name=search_term_string\"}],\"inLanguage\":\"fr-FR\"},{\"@type\":\"Organization\",\"@id\":\"http:\/\/valloireloisirs.fr\/#organization\",\"name\":\"Valloire Loisirs\",\"url\":\"http:\/\/valloireloisirs.fr\/\",\"logo\":{\"@type\":\"ImageObject\",\"inLanguage\":\"fr-FR\",\"@id\":\"http:\/\/valloireloisirs.fr\/#\/schema\/logo\/image\/\",\"url\":\"http:\/\/valloireloisirs.fr\/wp-content\/uploads\/2021\/03\/cropped-logo-VL-1-e1626181648743.jpg\",\"contentUrl\":\"http:\/\/valloireloisirs.fr\/wp-content\/uploads\/2021\/03\/cropped-logo-VL-1-e1626181648743.jpg\",\"width\":150,\"height\":143,\"caption\":\"Valloire Loisirs\"},\"image\":{\"@id\":\"http:\/\/valloireloisirs.fr\/#\/schema\/logo\/image\/\"},\"sameAs\":[\"https:\/\/www.facebook.com\/valloire.loisirs\"]}]}<\/script>\n<!-- \/ Yoast SEO plugin. -->","yoast_head_json":{"title":"Peinture\/dessin -","robots":{"index":"index","follow":"follow","max-snippet":"max-snippet:-1","max-image-preview":"max-image-preview:large","max-video-preview":"max-video-preview:-1"},"canonical":"http:\/\/valloireloisirs.fr\/index.php\/arts-plastiques\/","og_locale":"fr_FR","og_type":"article","og_title":"Peinture\/dessin -","og_description":"Peinture\/dessin Avec Isabelle LA\u00cf Apprendre \u00e0 regarder et d\u00e9couvrir les diverses techniques du dessin et\/ou de la peinture avec un suivi individuel pour permettre de progresser rapidement. Possibilit\u00e9 d&rsquo;accompagnement \u00e0&hellip;","og_url":"http:\/\/valloireloisirs.fr\/index.php\/arts-plastiques\/","article_publisher":"https:\/\/www.facebook.com\/valloire.loisirs","article_modified_time":"2024-09-26T15:07:53+00:00","og_image":[{"url":"http:\/\/valloireloisirs.fr\/wp-content\/uploads\/2021\/04\/dessin-550x400.jpg"}],"twitter_card":"summary_large_image","twitter_misc":{"Dur\u00e9e de lecture estim\u00e9e":"1 minute"},"schema":{"@context":"https:\/\/schema.org","@graph":[{"@type":"WebPage","@id":"http:\/\/valloireloisirs.fr\/index.php\/arts-plastiques\/","url":"http:\/\/valloireloisirs.fr\/index.php\/arts-plastiques\/","name":"Peinture\/dessin -","isPartOf":{"@id":"http:\/\/valloireloisirs.fr\/#website"},"datePublished":"2021-07-02T11:33:40+00:00","dateModified":"2024-09-26T15:07:53+00:00","breadcrumb":{"@id":"http:\/\/valloireloisirs.fr\/index.php\/arts-plastiques\/#breadcrumb"},"inLanguage":"fr-FR","potentialAction":[{"@type":"ReadAction","target":["http:\/\/valloireloisirs.fr\/index.php\/arts-plastiques\/"]}]},{"@type":"BreadcrumbList","@id":"http:\/\/valloireloisirs.fr\/index.php\/arts-plastiques\/#breadcrumb","itemListElement":[{"@type":"ListItem","position":1,"name":"Accueil","item":"https:\/\/valloireloisirs.fr\/"},{"@type":"ListItem","position":2,"name":"Peinture\/dessin"}]},{"@type":"WebSite","@id":"http:\/\/valloireloisirs.fr\/#website","url":"http:\/\/valloireloisirs.fr\/","name":"Valloire Loisirs","description":"","publisher":{"@id":"http:\/\/valloireloisirs.fr\/#organization"},"potentialAction":[{"@type":"SearchAction","target":{"@type":"EntryPoint","urlTemplate":"http:\/\/valloireloisirs.fr\/?s={search_term_string}"},"query-input":"required name=search_term_string"}],"inLanguage":"fr-FR"},{"@type":"Organization","@id":"http:\/\/valloireloisirs.fr\/#organization","name":"Valloire Loisirs","url":"http:\/\/valloireloisirs.fr\/","logo":{"@type":"ImageObject","inLanguage":"fr-FR","@id":"http:\/\/valloireloisirs.fr\/#\/schema\/logo\/image\/","url":"http:\/\/valloireloisirs.fr\/wp-content\/uploads\/2021\/03\/cropped-logo-VL-1-e1626181648743.jpg","contentUrl":"http:\/\/valloireloisirs.fr\/wp-content\/uploads\/2021\/03\/cropped-logo-VL-1-e1626181648743.jpg","width":150,"height":143,"caption":"Valloire Loisirs"},"image":{"@id":"http:\/\/valloireloisirs.fr\/#\/schema\/logo\/image\/"},"sameAs":["https:\/\/www.facebook.com\/valloire.loisirs"]}]}},"_links":{"self":[{"href":"https:\/\/valloireloisirs.fr\/index.php\/wp-json\/wp\/v2\/pages\/398","targetHints":{"allow":["GET"]}}],"collection":[{"href":"https:\/\/valloireloisirs.fr\/index.php\/wp-json\/wp\/v2\/pages"}],"about":[{"href":"https:\/\/valloireloisirs.fr\/index.php\/wp-json\/wp\/v2\/types\/page"}],"author":[{"embeddable":true,"href":"https:\/\/valloireloisirs.fr\/index.php\/wp-json\/wp\/v2\/users\/1"}],"replies":[{"embeddable":true,"href":"https:\/\/valloireloisirs.fr\/index.php\/wp-json\/wp\/v2\/comments?post=398"}],"version-history":[{"count":41,"href":"https:\/\/valloireloisirs.fr\/index.php\/wp-json\/wp\/v2\/pages\/398\/revisions"}],"predecessor-version":[{"id":3539,"href":"https:\/\/valloireloisirs.fr\/index.php\/wp-json\/wp\/v2\/pages\/398\/revisions\/3539"}],"wp:attachment":[{"href":"https:\/\/valloireloisirs.fr\/index.php\/wp-json\/wp\/v2\/media?parent=398"}],"curies":[{"name":"wp","href":"https:\/\/api.w.org\/{rel}","templated":true}]}}