{"id":3126,"date":"2023-09-18T21:23:05","date_gmt":"2023-09-18T19:23:05","guid":{"rendered":"http:\/\/valloireloisirs.fr\/?page_id=3126"},"modified":"2024-03-24T22:51:41","modified_gmt":"2024-03-24T21:51:41","slug":"concert","status":"publish","type":"page","link":"https:\/\/valloireloisirs.fr\/index.php\/concert\/","title":{"rendered":"Concert"},"content":{"rendered":"\t\t<div data-elementor-type=\"wp-page\" data-elementor-id=\"3126\" class=\"elementor elementor-3126\">\n\t\t\t\t\t\t\t\t\t<section class=\"elementor-section elementor-top-section elementor-element elementor-element-3648ab9 elementor-section-boxed elementor-section-height-default elementor-section-height-default\" data-id=\"3648ab9\" data-element_type=\"section\">\n\t\t\t\t\t\t<div class=\"elementor-container elementor-column-gap-default\">\n\t\t\t\t\t<div class=\"elementor-column elementor-col-100 elementor-top-column elementor-element elementor-element-cf768f8\" data-id=\"cf768f8\" data-element_type=\"column\">\n\t\t\t<div class=\"elementor-widget-wrap elementor-element-populated\">\n\t\t\t\t\t\t\t\t<div class=\"elementor-element elementor-element-63e5c00 elementor-widget elementor-widget-text-editor\" data-id=\"63e5c00\" data-element_type=\"widget\" data-widget_type=\"text-editor.default\">\n\t\t\t\t<div class=\"elementor-widget-container\">\n\t\t\t\t\t\t\t<p>\u00ab\u00a0Carr\u00e9 d&rsquo;As\u00a0\u00bb avec Christine Niggeler au chant et \u00e0 l&rsquo;accord\u00e9on, Bernard Fougeirol \u00e0 la guitare, Olivier Chambonni\u00e8re \u00e0 la batterie et Lionel Fenoy au chant.<\/p>\t\t\t\t\t\t<\/div>\n\t\t\t\t<\/div>\n\t\t\t\t\t<\/div>\n\t\t<\/div>\n\t\t\t\t\t\t\t<\/div>\n\t\t<\/section>\n\t\t\t\t<section class=\"elementor-section elementor-top-section elementor-element elementor-element-74a876d elementor-section-boxed elementor-section-height-default elementor-section-height-default\" data-id=\"74a876d\" data-element_type=\"section\">\n\t\t\t\t\t\t<div class=\"elementor-container elementor-column-gap-default\">\n\t\t\t\t\t<div class=\"elementor-column elementor-col-100 elementor-top-column elementor-element elementor-element-45fb3ca\" data-id=\"45fb3ca\" data-element_type=\"column\">\n\t\t\t<div class=\"elementor-widget-wrap elementor-element-populated\">\n\t\t\t\t\t\t\t\t<div class=\"elementor-element elementor-element-116d4fd elementor-widget elementor-widget-text-editor\" data-id=\"116d4fd\" data-element_type=\"widget\" data-widget_type=\"text-editor.default\">\n\t\t\t\t<div class=\"elementor-widget-container\">\n\t\t\t\t\t\t\t<p>R\u00e9cital autour de 4 chanteurs : Jean Ferrat, Boris Vian, Georges Brassens et Claude Nougaro.<\/p><p>Pour chacun d&rsquo;eux, pr\u00e9sentation de cinq chansons. Trois seront chant\u00e9es, une sera jou\u00e9 instrumentalement (pour mettre) en avant la musique), une autre sera dite (pour mettre en avant les paroles).<\/p><p>Chanson fran\u00e7aise dans ce qu&rsquo;elle offre de sourires, de s\u00e9rieux, d&rsquo;\u00e9motion, d&rsquo;engagement et de r\u00e9flexions malicieuses.<\/p>\t\t\t\t\t\t<\/div>\n\t\t\t\t<\/div>\n\t\t\t\t\t<\/div>\n\t\t<\/div>\n\t\t\t\t\t\t\t<\/div>\n\t\t<\/section>\n\t\t\t\t<section class=\"elementor-section elementor-top-section elementor-element elementor-element-7d7e2be elementor-section-boxed elementor-section-height-default elementor-section-height-default\" data-id=\"7d7e2be\" data-element_type=\"section\">\n\t\t\t\t\t\t<div class=\"elementor-container elementor-column-gap-default\">\n\t\t\t\t\t<div class=\"elementor-column elementor-col-100 elementor-top-column elementor-element elementor-element-eee0e10\" data-id=\"eee0e10\" data-element_type=\"column\">\n\t\t\t<div class=\"elementor-widget-wrap elementor-element-populated\">\n\t\t\t\t\t\t\t\t<div class=\"elementor-element elementor-element-0dc599f elementor-widget elementor-widget-text-editor\" data-id=\"0dc599f\" data-element_type=\"widget\" data-widget_type=\"text-editor.default\">\n\t\t\t\t<div class=\"elementor-widget-container\">\n\t\t\t\t\t\t\t<p><strong><span style=\"text-decoration: underline;\">Participation <\/span><\/strong>: adultes 12 euros<\/p><p>\u00a0 \u00a0 \u00a0 \u00a0 \u00a0 \u00a0 \u00a0 \u00a0 \u00a0 \u00a0 \u00a0 \u00a0 \u00a0 enfant et jeunes gratuit<\/p><p><strong>Date et heure<\/strong> : Vendredi 12 avril 2024 \u00e0 20h30<\/p><p><span style=\"text-decoration: underline;\">Lieu<\/span> : Salle des F\u00eates de MORAS EN VALLOIRE<\/p>\t\t\t\t\t\t<\/div>\n\t\t\t\t<\/div>\n\t\t\t\t\t<\/div>\n\t\t<\/div>\n\t\t\t\t\t\t\t<\/div>\n\t\t<\/section>\n\t\t\t\t<section class=\"elementor-section elementor-top-section elementor-element elementor-element-4376880 elementor-section-boxed elementor-section-height-default elementor-section-height-default\" data-id=\"4376880\" data-element_type=\"section\">\n\t\t\t\t\t\t<div class=\"elementor-container elementor-column-gap-default\">\n\t\t\t\t\t<div class=\"elementor-column elementor-col-100 elementor-top-column elementor-element elementor-element-917d60e\" data-id=\"917d60e\" data-element_type=\"column\">\n\t\t\t<div class=\"elementor-widget-wrap elementor-element-populated\">\n\t\t\t\t\t\t\t\t<div class=\"elementor-element elementor-element-fbe4fe9 elementor-widget elementor-widget-image\" data-id=\"fbe4fe9\" data-element_type=\"widget\" data-widget_type=\"image.default\">\n\t\t\t\t<div class=\"elementor-widget-container\">\n\t\t\t\t\t\t\t\t\t\t\t\t\t\t\t<img loading=\"lazy\" decoding=\"async\" width=\"725\" height=\"1024\" src=\"https:\/\/valloireloisirs.fr\/wp-content\/uploads\/2024\/03\/Affiche_Carre-d_As2-725x1024.jpg\" class=\"attachment-large size-large wp-image-3343\" alt=\"\" srcset=\"https:\/\/valloireloisirs.fr\/wp-content\/uploads\/2024\/03\/Affiche_Carre-d_As2-725x1024.jpg 725w, https:\/\/valloireloisirs.fr\/wp-content\/uploads\/2024\/03\/Affiche_Carre-d_As2-212x300.jpg 212w, https:\/\/valloireloisirs.fr\/wp-content\/uploads\/2024\/03\/Affiche_Carre-d_As2-768x1085.jpg 768w, https:\/\/valloireloisirs.fr\/wp-content\/uploads\/2024\/03\/Affiche_Carre-d_As2-1087x1536.jpg 1087w, https:\/\/valloireloisirs.fr\/wp-content\/uploads\/2024\/03\/Affiche_Carre-d_As2-1449x2048.jpg 1449w, https:\/\/valloireloisirs.fr\/wp-content\/uploads\/2024\/03\/Affiche_Carre-d_As2-scaled.jpg 1811w\" sizes=\"auto, (max-width: 725px) 100vw, 725px\" \/>\t\t\t\t\t\t\t\t\t\t\t\t\t\t\t<\/div>\n\t\t\t\t<\/div>\n\t\t\t\t\t<\/div>\n\t\t<\/div>\n\t\t\t\t\t\t\t<\/div>\n\t\t<\/section>\n\t\t\t\t\t\t\t<\/div>\n\t\t","protected":false},"excerpt":{"rendered":"<p>\u00ab\u00a0Carr\u00e9 d&rsquo;As\u00a0\u00bb avec Christine Niggeler au chant et \u00e0 l&rsquo;accord\u00e9on, Bernard Fougeirol \u00e0 la guitare, Olivier Chambonni\u00e8re \u00e0 la batterie et Lionel Fenoy au chant. R\u00e9cital autour de 4 chanteurs&hellip;<\/p>\n","protected":false},"author":1,"featured_media":0,"parent":0,"menu_order":0,"comment_status":"closed","ping_status":"closed","template":"","meta":{"_EventAllDay":false,"_EventTimezone":"","_EventStartDate":"","_EventEndDate":"","_EventStartDateUTC":"","_EventEndDateUTC":"","_EventShowMap":false,"_EventShowMapLink":false,"_EventURL":"","_EventCost":"","_EventCostDescription":"","_EventCurrencySymbol":"","_EventCurrencyCode":"","_EventCurrencyPosition":"","_EventDateTimeSeparator":"","_EventTimeRangeSeparator":"","_EventOrganizerID":[],"_EventVenueID":0,"_OrganizerEmail":"","_OrganizerPhone":"","_OrganizerWebsite":"","_VenueAddress":"","_VenueCity":"","_VenueCountry":"","_VenueProvince":"","_VenueZip":"","_VenuePhone":"","_VenueURL":"","_VenueStateProvince":"","_VenueLat":"","_VenueLng":"","footnotes":""},"class_list":["post-3126","page","type-page","status-publish","hentry"],"yoast_head":"<!-- This site is optimized with the Yoast SEO plugin v20.1 - https:\/\/yoast.com\/wordpress\/plugins\/seo\/ -->\n<title>Concert -<\/title>\n<meta name=\"robots\" content=\"index, follow, max-snippet:-1, max-image-preview:large, max-video-preview:-1\" \/>\n<link rel=\"canonical\" href=\"https:\/\/valloireloisirs.fr\/index.php\/concert\/\" \/>\n<meta property=\"og:locale\" content=\"fr_FR\" \/>\n<meta property=\"og:type\" content=\"article\" \/>\n<meta property=\"og:title\" content=\"Concert -\" \/>\n<meta property=\"og:description\" content=\"\u00ab\u00a0Carr\u00e9 d&rsquo;As\u00a0\u00bb avec Christine Niggeler au chant et \u00e0 l&rsquo;accord\u00e9on, Bernard Fougeirol \u00e0 la guitare, Olivier Chambonni\u00e8re \u00e0 la batterie et Lionel Fenoy au chant. R\u00e9cital autour de 4 chanteurs&hellip;\" \/>\n<meta property=\"og:url\" content=\"https:\/\/valloireloisirs.fr\/index.php\/concert\/\" \/>\n<meta property=\"article:publisher\" content=\"https:\/\/www.facebook.com\/valloire.loisirs\" \/>\n<meta property=\"article:modified_time\" content=\"2024-03-24T21:51:41+00:00\" \/>\n<meta property=\"og:image\" content=\"http:\/\/valloireloisirs.fr\/wp-content\/uploads\/2024\/03\/Affiche_Carre-d_As2-725x1024.jpg\" \/>\n<meta name=\"twitter:card\" content=\"summary_large_image\" \/>\n<meta name=\"twitter:label1\" content=\"Dur\u00e9e de lecture estim\u00e9e\" \/>\n\t<meta name=\"twitter:data1\" content=\"1 minute\" \/>\n<script type=\"application\/ld+json\" class=\"yoast-schema-graph\">{\"@context\":\"https:\/\/schema.org\",\"@graph\":[{\"@type\":\"WebPage\",\"@id\":\"https:\/\/valloireloisirs.fr\/index.php\/concert\/\",\"url\":\"https:\/\/valloireloisirs.fr\/index.php\/concert\/\",\"name\":\"Concert -\",\"isPartOf\":{\"@id\":\"http:\/\/valloireloisirs.fr\/#website\"},\"datePublished\":\"2023-09-18T19:23:05+00:00\",\"dateModified\":\"2024-03-24T21:51:41+00:00\",\"breadcrumb\":{\"@id\":\"https:\/\/valloireloisirs.fr\/index.php\/concert\/#breadcrumb\"},\"inLanguage\":\"fr-FR\",\"potentialAction\":[{\"@type\":\"ReadAction\",\"target\":[\"https:\/\/valloireloisirs.fr\/index.php\/concert\/\"]}]},{\"@type\":\"BreadcrumbList\",\"@id\":\"https:\/\/valloireloisirs.fr\/index.php\/concert\/#breadcrumb\",\"itemListElement\":[{\"@type\":\"ListItem\",\"position\":1,\"name\":\"Accueil\",\"item\":\"https:\/\/valloireloisirs.fr\/\"},{\"@type\":\"ListItem\",\"position\":2,\"name\":\"Concert\"}]},{\"@type\":\"WebSite\",\"@id\":\"http:\/\/valloireloisirs.fr\/#website\",\"url\":\"http:\/\/valloireloisirs.fr\/\",\"name\":\"Valloire Loisirs\",\"description\":\"\",\"publisher\":{\"@id\":\"http:\/\/valloireloisirs.fr\/#organization\"},\"potentialAction\":[{\"@type\":\"SearchAction\",\"target\":{\"@type\":\"EntryPoint\",\"urlTemplate\":\"http:\/\/valloireloisirs.fr\/?s={search_term_string}\"},\"query-input\":\"required name=search_term_string\"}],\"inLanguage\":\"fr-FR\"},{\"@type\":\"Organization\",\"@id\":\"http:\/\/valloireloisirs.fr\/#organization\",\"name\":\"Valloire Loisirs\",\"url\":\"http:\/\/valloireloisirs.fr\/\",\"logo\":{\"@type\":\"ImageObject\",\"inLanguage\":\"fr-FR\",\"@id\":\"http:\/\/valloireloisirs.fr\/#\/schema\/logo\/image\/\",\"url\":\"http:\/\/valloireloisirs.fr\/wp-content\/uploads\/2021\/03\/cropped-logo-VL-1-e1626181648743.jpg\",\"contentUrl\":\"http:\/\/valloireloisirs.fr\/wp-content\/uploads\/2021\/03\/cropped-logo-VL-1-e1626181648743.jpg\",\"width\":150,\"height\":143,\"caption\":\"Valloire Loisirs\"},\"image\":{\"@id\":\"http:\/\/valloireloisirs.fr\/#\/schema\/logo\/image\/\"},\"sameAs\":[\"https:\/\/www.facebook.com\/valloire.loisirs\"]}]}<\/script>\n<!-- \/ Yoast SEO plugin. -->","yoast_head_json":{"title":"Concert -","robots":{"index":"index","follow":"follow","max-snippet":"max-snippet:-1","max-image-preview":"max-image-preview:large","max-video-preview":"max-video-preview:-1"},"canonical":"https:\/\/valloireloisirs.fr\/index.php\/concert\/","og_locale":"fr_FR","og_type":"article","og_title":"Concert -","og_description":"\u00ab\u00a0Carr\u00e9 d&rsquo;As\u00a0\u00bb avec Christine Niggeler au chant et \u00e0 l&rsquo;accord\u00e9on, Bernard Fougeirol \u00e0 la guitare, Olivier Chambonni\u00e8re \u00e0 la batterie et Lionel Fenoy au chant. R\u00e9cital autour de 4 chanteurs&hellip;","og_url":"https:\/\/valloireloisirs.fr\/index.php\/concert\/","article_publisher":"https:\/\/www.facebook.com\/valloire.loisirs","article_modified_time":"2024-03-24T21:51:41+00:00","og_image":[{"url":"http:\/\/valloireloisirs.fr\/wp-content\/uploads\/2024\/03\/Affiche_Carre-d_As2-725x1024.jpg"}],"twitter_card":"summary_large_image","twitter_misc":{"Dur\u00e9e de lecture estim\u00e9e":"1 minute"},"schema":{"@context":"https:\/\/schema.org","@graph":[{"@type":"WebPage","@id":"https:\/\/valloireloisirs.fr\/index.php\/concert\/","url":"https:\/\/valloireloisirs.fr\/index.php\/concert\/","name":"Concert -","isPartOf":{"@id":"http:\/\/valloireloisirs.fr\/#website"},"datePublished":"2023-09-18T19:23:05+00:00","dateModified":"2024-03-24T21:51:41+00:00","breadcrumb":{"@id":"https:\/\/valloireloisirs.fr\/index.php\/concert\/#breadcrumb"},"inLanguage":"fr-FR","potentialAction":[{"@type":"ReadAction","target":["https:\/\/valloireloisirs.fr\/index.php\/concert\/"]}]},{"@type":"BreadcrumbList","@id":"https:\/\/valloireloisirs.fr\/index.php\/concert\/#breadcrumb","itemListElement":[{"@type":"ListItem","position":1,"name":"Accueil","item":"https:\/\/valloireloisirs.fr\/"},{"@type":"ListItem","position":2,"name":"Concert"}]},{"@type":"WebSite","@id":"http:\/\/valloireloisirs.fr\/#website","url":"http:\/\/valloireloisirs.fr\/","name":"Valloire Loisirs","description":"","publisher":{"@id":"http:\/\/valloireloisirs.fr\/#organization"},"potentialAction":[{"@type":"SearchAction","target":{"@type":"EntryPoint","urlTemplate":"http:\/\/valloireloisirs.fr\/?s={search_term_string}"},"query-input":"required name=search_term_string"}],"inLanguage":"fr-FR"},{"@type":"Organization","@id":"http:\/\/valloireloisirs.fr\/#organization","name":"Valloire Loisirs","url":"http:\/\/valloireloisirs.fr\/","logo":{"@type":"ImageObject","inLanguage":"fr-FR","@id":"http:\/\/valloireloisirs.fr\/#\/schema\/logo\/image\/","url":"http:\/\/valloireloisirs.fr\/wp-content\/uploads\/2021\/03\/cropped-logo-VL-1-e1626181648743.jpg","contentUrl":"http:\/\/valloireloisirs.fr\/wp-content\/uploads\/2021\/03\/cropped-logo-VL-1-e1626181648743.jpg","width":150,"height":143,"caption":"Valloire Loisirs"},"image":{"@id":"http:\/\/valloireloisirs.fr\/#\/schema\/logo\/image\/"},"sameAs":["https:\/\/www.facebook.com\/valloire.loisirs"]}]}},"_links":{"self":[{"href":"https:\/\/valloireloisirs.fr\/index.php\/wp-json\/wp\/v2\/pages\/3126","targetHints":{"allow":["GET"]}}],"collection":[{"href":"https:\/\/valloireloisirs.fr\/index.php\/wp-json\/wp\/v2\/pages"}],"about":[{"href":"https:\/\/valloireloisirs.fr\/index.php\/wp-json\/wp\/v2\/types\/page"}],"author":[{"embeddable":true,"href":"https:\/\/valloireloisirs.fr\/index.php\/wp-json\/wp\/v2\/users\/1"}],"replies":[{"embeddable":true,"href":"https:\/\/valloireloisirs.fr\/index.php\/wp-json\/wp\/v2\/comments?post=3126"}],"version-history":[{"count":23,"href":"https:\/\/valloireloisirs.fr\/index.php\/wp-json\/wp\/v2\/pages\/3126\/revisions"}],"predecessor-version":[{"id":3346,"href":"https:\/\/valloireloisirs.fr\/index.php\/wp-json\/wp\/v2\/pages\/3126\/revisions\/3346"}],"wp:attachment":[{"href":"https:\/\/valloireloisirs.fr\/index.php\/wp-json\/wp\/v2\/media?parent=3126"}],"curies":[{"name":"wp","href":"https:\/\/api.w.org\/{rel}","templated":true}]}}