{"id":1250,"date":"2021-07-12T15:04:07","date_gmt":"2021-07-12T13:04:07","guid":{"rendered":"http:\/\/valloireloisirs.fr\/?page_id=1250"},"modified":"2021-11-25T15:26:41","modified_gmt":"2021-11-25T14:26:41","slug":"valloire-loisirs-est-une-association-au-service-de-laniamtion-locale","status":"publish","type":"page","link":"https:\/\/valloireloisirs.fr\/index.php\/valloire-loisirs-est-une-association-au-service-de-laniamtion-locale\/","title":{"rendered":"L&rsquo;association"},"content":{"rendered":"\t\t<div data-elementor-type=\"wp-page\" data-elementor-id=\"1250\" class=\"elementor elementor-1250\">\n\t\t\t\t\t\t\t\t\t<section class=\"elementor-section elementor-top-section elementor-element elementor-element-dcd3b12 elementor-section-boxed elementor-section-height-default elementor-section-height-default\" data-id=\"dcd3b12\" data-element_type=\"section\">\n\t\t\t\t\t\t<div class=\"elementor-container elementor-column-gap-default\">\n\t\t\t\t\t<div class=\"elementor-column elementor-col-100 elementor-top-column elementor-element elementor-element-411eb6f\" data-id=\"411eb6f\" data-element_type=\"column\">\n\t\t\t<div class=\"elementor-widget-wrap elementor-element-populated\">\n\t\t\t\t\t\t\t\t<div class=\"elementor-element elementor-element-14639f1 elementor-widget elementor-widget-text-editor\" data-id=\"14639f1\" data-element_type=\"widget\" data-widget_type=\"text-editor.default\">\n\t\t\t\t<div class=\"elementor-widget-container\">\n\t\t\t\t\t\t\t<p><strong>VALLOIRE LOISIRS, une association au service de l&rsquo;animation locale<\/strong><\/p><p><em>Association Intercommunale cr\u00e9\u00e9e en 1981 qui regroupe les communes d\u2019Epinouze, Lapeyrouse-Mornay, Lens-Lestang, Manthes, Moras-en-Valloire et St-Sorlin-en-Valloire.<\/em><\/p><p>Espace de vie sociale soutenu par le SIVU (Syndicat Intercommunal \u00e0 vocation unique) de la Valloire, La CAF de la Dr\u00f4me, la Communaut\u00e9 de Communes Porte de Dr\u00f4mArd\u00e8che et la MSA.<\/p><p>L\u2019association propose des actions diverses et pour tous les publics\u00a0:<\/p><ul><li>Activit\u00e9s enfance (accueil de loisirs, ateliers \u00e0 4 mains, guitare, arts plastiques, soir\u00e9es familiales)<\/li><li>Activit\u00e9s r\u00e9guli\u00e8res adultes<\/li><li>Ateliers consommer autrement<\/li><li>Actions parentalit\u00e9<\/li><li>Point num\u00e9rique CAF<\/li><li>Manifestations culturelles (soir\u00e9es th\u00e9\u00e2tre, projections-d\u00e9bat, concerts, salons\/expos)<\/li><\/ul>\t\t\t\t\t\t<\/div>\n\t\t\t\t<\/div>\n\t\t\t\t\t<\/div>\n\t\t<\/div>\n\t\t\t\t\t\t\t<\/div>\n\t\t<\/section>\n\t\t\t\t\t\t\t<\/div>\n\t\t","protected":false},"excerpt":{"rendered":"<p>VALLOIRE LOISIRS, une association au service de l&rsquo;animation locale Association Intercommunale cr\u00e9\u00e9e en 1981 qui regroupe les communes d\u2019Epinouze, Lapeyrouse-Mornay, Lens-Lestang, Manthes, Moras-en-Valloire et St-Sorlin-en-Valloire. Espace de vie sociale soutenu&hellip;<\/p>\n","protected":false},"author":1,"featured_media":0,"parent":0,"menu_order":0,"comment_status":"closed","ping_status":"closed","template":"","meta":{"_EventAllDay":false,"_EventTimezone":"","_EventStartDate":"","_EventEndDate":"","_EventStartDateUTC":"","_EventEndDateUTC":"","_EventShowMap":false,"_EventShowMapLink":false,"_EventURL":"","_EventCost":"","_EventCostDescription":"","_EventCurrencySymbol":"","_EventCurrencyCode":"","_EventCurrencyPosition":"","_EventDateTimeSeparator":"","_EventTimeRangeSeparator":"","_EventOrganizerID":[],"_EventVenueID":0,"_OrganizerEmail":"","_OrganizerPhone":"","_OrganizerWebsite":"","_VenueAddress":"","_VenueCity":"","_VenueCountry":"","_VenueProvince":"","_VenueZip":"","_VenuePhone":"","_VenueURL":"","_VenueStateProvince":"","_VenueLat":"","_VenueLng":"","footnotes":""},"class_list":["post-1250","page","type-page","status-publish","hentry"],"yoast_head":"<!-- This site is optimized with the Yoast SEO plugin v20.1 - https:\/\/yoast.com\/wordpress\/plugins\/seo\/ -->\n<title>Valloire Loisirs Accueil - Animation locale<\/title>\n<meta name=\"description\" content=\"Valloire Loisirs est une association au service le l&#039;animation locale et propose des animations diverses pour tous les publics\" \/>\n<meta name=\"robots\" content=\"index, follow, max-snippet:-1, max-image-preview:large, max-video-preview:-1\" \/>\n<link rel=\"canonical\" href=\"http:\/\/valloireloisirs.fr\/index.php\/valloire-loisirs-est-une-association-au-service-de-laniamtion-locale\/\" \/>\n<meta property=\"og:locale\" content=\"fr_FR\" \/>\n<meta property=\"og:type\" content=\"article\" \/>\n<meta property=\"og:title\" content=\"Valloire Loisirs Accueil - Animation locale\" \/>\n<meta property=\"og:description\" content=\"Valloire Loisirs est une association au service le l&#039;animation locale et propose des animations diverses pour tous les publics\" \/>\n<meta property=\"og:url\" content=\"http:\/\/valloireloisirs.fr\/index.php\/valloire-loisirs-est-une-association-au-service-de-laniamtion-locale\/\" \/>\n<meta property=\"article:publisher\" content=\"https:\/\/www.facebook.com\/valloire.loisirs\" \/>\n<meta property=\"article:modified_time\" content=\"2021-11-25T14:26:41+00:00\" \/>\n<meta name=\"twitter:card\" content=\"summary_large_image\" \/>\n<meta name=\"twitter:label1\" content=\"Dur\u00e9e de lecture estim\u00e9e\" \/>\n\t<meta name=\"twitter:data1\" content=\"1 minute\" \/>\n<script type=\"application\/ld+json\" class=\"yoast-schema-graph\">{\"@context\":\"https:\/\/schema.org\",\"@graph\":[{\"@type\":\"WebPage\",\"@id\":\"http:\/\/valloireloisirs.fr\/index.php\/valloire-loisirs-est-une-association-au-service-de-laniamtion-locale\/\",\"url\":\"http:\/\/valloireloisirs.fr\/index.php\/valloire-loisirs-est-une-association-au-service-de-laniamtion-locale\/\",\"name\":\"Valloire Loisirs Accueil - Animation locale\",\"isPartOf\":{\"@id\":\"http:\/\/valloireloisirs.fr\/#website\"},\"datePublished\":\"2021-07-12T13:04:07+00:00\",\"dateModified\":\"2021-11-25T14:26:41+00:00\",\"description\":\"Valloire Loisirs est une association au service le l'animation locale et propose des animations diverses pour tous les publics\",\"breadcrumb\":{\"@id\":\"http:\/\/valloireloisirs.fr\/index.php\/valloire-loisirs-est-une-association-au-service-de-laniamtion-locale\/#breadcrumb\"},\"inLanguage\":\"fr-FR\",\"potentialAction\":[{\"@type\":\"ReadAction\",\"target\":[\"http:\/\/valloireloisirs.fr\/index.php\/valloire-loisirs-est-une-association-au-service-de-laniamtion-locale\/\"]}]},{\"@type\":\"BreadcrumbList\",\"@id\":\"http:\/\/valloireloisirs.fr\/index.php\/valloire-loisirs-est-une-association-au-service-de-laniamtion-locale\/#breadcrumb\",\"itemListElement\":[{\"@type\":\"ListItem\",\"position\":1,\"name\":\"Accueil\",\"item\":\"https:\/\/valloireloisirs.fr\/\"},{\"@type\":\"ListItem\",\"position\":2,\"name\":\"L&rsquo;association\"}]},{\"@type\":\"WebSite\",\"@id\":\"http:\/\/valloireloisirs.fr\/#website\",\"url\":\"http:\/\/valloireloisirs.fr\/\",\"name\":\"Valloire Loisirs\",\"description\":\"\",\"publisher\":{\"@id\":\"http:\/\/valloireloisirs.fr\/#organization\"},\"potentialAction\":[{\"@type\":\"SearchAction\",\"target\":{\"@type\":\"EntryPoint\",\"urlTemplate\":\"http:\/\/valloireloisirs.fr\/?s={search_term_string}\"},\"query-input\":\"required name=search_term_string\"}],\"inLanguage\":\"fr-FR\"},{\"@type\":\"Organization\",\"@id\":\"http:\/\/valloireloisirs.fr\/#organization\",\"name\":\"Valloire Loisirs\",\"url\":\"http:\/\/valloireloisirs.fr\/\",\"logo\":{\"@type\":\"ImageObject\",\"inLanguage\":\"fr-FR\",\"@id\":\"http:\/\/valloireloisirs.fr\/#\/schema\/logo\/image\/\",\"url\":\"http:\/\/valloireloisirs.fr\/wp-content\/uploads\/2021\/03\/cropped-logo-VL-1-e1626181648743.jpg\",\"contentUrl\":\"http:\/\/valloireloisirs.fr\/wp-content\/uploads\/2021\/03\/cropped-logo-VL-1-e1626181648743.jpg\",\"width\":150,\"height\":143,\"caption\":\"Valloire Loisirs\"},\"image\":{\"@id\":\"http:\/\/valloireloisirs.fr\/#\/schema\/logo\/image\/\"},\"sameAs\":[\"https:\/\/www.facebook.com\/valloire.loisirs\"]}]}<\/script>\n<!-- \/ Yoast SEO plugin. -->","yoast_head_json":{"title":"Valloire Loisirs Accueil - Animation locale","description":"Valloire Loisirs est une association au service le l'animation locale et propose des animations diverses pour tous les publics","robots":{"index":"index","follow":"follow","max-snippet":"max-snippet:-1","max-image-preview":"max-image-preview:large","max-video-preview":"max-video-preview:-1"},"canonical":"http:\/\/valloireloisirs.fr\/index.php\/valloire-loisirs-est-une-association-au-service-de-laniamtion-locale\/","og_locale":"fr_FR","og_type":"article","og_title":"Valloire Loisirs Accueil - Animation locale","og_description":"Valloire Loisirs est une association au service le l'animation locale et propose des animations diverses pour tous les publics","og_url":"http:\/\/valloireloisirs.fr\/index.php\/valloire-loisirs-est-une-association-au-service-de-laniamtion-locale\/","article_publisher":"https:\/\/www.facebook.com\/valloire.loisirs","article_modified_time":"2021-11-25T14:26:41+00:00","twitter_card":"summary_large_image","twitter_misc":{"Dur\u00e9e de lecture estim\u00e9e":"1 minute"},"schema":{"@context":"https:\/\/schema.org","@graph":[{"@type":"WebPage","@id":"http:\/\/valloireloisirs.fr\/index.php\/valloire-loisirs-est-une-association-au-service-de-laniamtion-locale\/","url":"http:\/\/valloireloisirs.fr\/index.php\/valloire-loisirs-est-une-association-au-service-de-laniamtion-locale\/","name":"Valloire Loisirs Accueil - Animation locale","isPartOf":{"@id":"http:\/\/valloireloisirs.fr\/#website"},"datePublished":"2021-07-12T13:04:07+00:00","dateModified":"2021-11-25T14:26:41+00:00","description":"Valloire Loisirs est une association au service le l'animation locale et propose des animations diverses pour tous les publics","breadcrumb":{"@id":"http:\/\/valloireloisirs.fr\/index.php\/valloire-loisirs-est-une-association-au-service-de-laniamtion-locale\/#breadcrumb"},"inLanguage":"fr-FR","potentialAction":[{"@type":"ReadAction","target":["http:\/\/valloireloisirs.fr\/index.php\/valloire-loisirs-est-une-association-au-service-de-laniamtion-locale\/"]}]},{"@type":"BreadcrumbList","@id":"http:\/\/valloireloisirs.fr\/index.php\/valloire-loisirs-est-une-association-au-service-de-laniamtion-locale\/#breadcrumb","itemListElement":[{"@type":"ListItem","position":1,"name":"Accueil","item":"https:\/\/valloireloisirs.fr\/"},{"@type":"ListItem","position":2,"name":"L&rsquo;association"}]},{"@type":"WebSite","@id":"http:\/\/valloireloisirs.fr\/#website","url":"http:\/\/valloireloisirs.fr\/","name":"Valloire Loisirs","description":"","publisher":{"@id":"http:\/\/valloireloisirs.fr\/#organization"},"potentialAction":[{"@type":"SearchAction","target":{"@type":"EntryPoint","urlTemplate":"http:\/\/valloireloisirs.fr\/?s={search_term_string}"},"query-input":"required name=search_term_string"}],"inLanguage":"fr-FR"},{"@type":"Organization","@id":"http:\/\/valloireloisirs.fr\/#organization","name":"Valloire Loisirs","url":"http:\/\/valloireloisirs.fr\/","logo":{"@type":"ImageObject","inLanguage":"fr-FR","@id":"http:\/\/valloireloisirs.fr\/#\/schema\/logo\/image\/","url":"http:\/\/valloireloisirs.fr\/wp-content\/uploads\/2021\/03\/cropped-logo-VL-1-e1626181648743.jpg","contentUrl":"http:\/\/valloireloisirs.fr\/wp-content\/uploads\/2021\/03\/cropped-logo-VL-1-e1626181648743.jpg","width":150,"height":143,"caption":"Valloire Loisirs"},"image":{"@id":"http:\/\/valloireloisirs.fr\/#\/schema\/logo\/image\/"},"sameAs":["https:\/\/www.facebook.com\/valloire.loisirs"]}]}},"_links":{"self":[{"href":"https:\/\/valloireloisirs.fr\/index.php\/wp-json\/wp\/v2\/pages\/1250","targetHints":{"allow":["GET"]}}],"collection":[{"href":"https:\/\/valloireloisirs.fr\/index.php\/wp-json\/wp\/v2\/pages"}],"about":[{"href":"https:\/\/valloireloisirs.fr\/index.php\/wp-json\/wp\/v2\/types\/page"}],"author":[{"embeddable":true,"href":"https:\/\/valloireloisirs.fr\/index.php\/wp-json\/wp\/v2\/users\/1"}],"replies":[{"embeddable":true,"href":"https:\/\/valloireloisirs.fr\/index.php\/wp-json\/wp\/v2\/comments?post=1250"}],"version-history":[{"count":17,"href":"https:\/\/valloireloisirs.fr\/index.php\/wp-json\/wp\/v2\/pages\/1250\/revisions"}],"predecessor-version":[{"id":1998,"href":"https:\/\/valloireloisirs.fr\/index.php\/wp-json\/wp\/v2\/pages\/1250\/revisions\/1998"}],"wp:attachment":[{"href":"https:\/\/valloireloisirs.fr\/index.php\/wp-json\/wp\/v2\/media?parent=1250"}],"curies":[{"name":"wp","href":"https:\/\/api.w.org\/{rel}","templated":true}]}}